{"id":3593,"date":"2019-12-28T09:21:36","date_gmt":"2019-12-28T09:21:36","guid":{"rendered":"https:\/\/steklarna-rogaska.si\/product\/import-placeholder-for-2043\/"},"modified":"2026-04-20T07:13:58","modified_gmt":"2026-04-20T07:13:58","slug":"bakhos-shot-glass-set-of-2","status":"publish","type":"product","link":"https:\/\/steklarna-rogaska.si\/ru\/product\/bakhos-shot-glass-set-of-2\/","title":{"rendered":"KOZAREC ZA VODKO &#8211; BAKHOS &#8211; set 2 kos"},"content":{"rendered":"<p>vi\u0161ina = 85 mm<br \/>\n\u0161irina = 39 mm<br \/>\nte\u017ea = 0.1 kg<\/p>\n","protected":false},"excerpt":{"rendered":"<p>vi\u0161ina = 85 mm \u0161irina = 39 mm te\u017ea = 0.1 kg<\/p>\n","protected":false},"featured_media":3642,"comment_status":"closed","ping_status":"closed","template":"","meta":[],"product_brand":[],"product_cat":[196,904,916,922,917,918,924,927],"product_tag":[362,449,478],"class_list":{"0":"post-3593","1":"product","2":"type-product","3":"status-publish","4":"has-post-thumbnail","6":"product_cat-barski-program","7":"product_cat-kozarci-za-zganje","8":"product_cat-darilni-program-2","9":"product_cat-darila-zanj","10":"product_cat-unikatna-darila","11":"product_cat-vecna-klasika-2","12":"product_cat-kozarci-2","13":"product_cat-kozarci-za-zganje-2","14":"product_tag-bakhos","15":"product_tag-klasika","16":"product_tag-za-zgane-pijace","18":"first","19":"outofstock","20":"shipping-taxable","21":"purchasable","22":"product-type-simple"},"_links":{"self":[{"href":"https:\/\/steklarna-rogaska.si\/ru\/wp-json\/wp\/v2\/product\/3593","targetHints":{"allow":["GET"]}}],"collection":[{"href":"https:\/\/steklarna-rogaska.si\/ru\/wp-json\/wp\/v2\/product"}],"about":[{"href":"https:\/\/steklarna-rogaska.si\/ru\/wp-json\/wp\/v2\/types\/product"}],"replies":[{"embeddable":true,"href":"https:\/\/steklarna-rogaska.si\/ru\/wp-json\/wp\/v2\/comments?post=3593"}],"wp:featuredmedia":[{"embeddable":true,"href":"https:\/\/steklarna-rogaska.si\/ru\/wp-json\/wp\/v2\/media\/3642"}],"wp:attachment":[{"href":"https:\/\/steklarna-rogaska.si\/ru\/wp-json\/wp\/v2\/media?parent=3593"}],"wp:term":[{"taxonomy":"product_brand","embeddable":true,"href":"https:\/\/steklarna-rogaska.si\/ru\/wp-json\/wp\/v2\/product_brand?post=3593"},{"taxonomy":"product_cat","embeddable":true,"href":"https:\/\/steklarna-rogaska.si\/ru\/wp-json\/wp\/v2\/product_cat?post=3593"},{"taxonomy":"product_tag","embeddable":true,"href":"https:\/\/steklarna-rogaska.si\/ru\/wp-json\/wp\/v2\/product_tag?post=3593"}],"curies":[{"name":"wp","href":"https:\/\/api.w.org\/{rel}","templated":true}]}}