{"id":3590,"date":"2019-12-28T09:21:36","date_gmt":"2019-12-28T09:21:36","guid":{"rendered":"https:\/\/steklarna-rogaska.si\/product\/import-placeholder-for-2040\/"},"modified":"2026-04-14T05:02:23","modified_gmt":"2026-04-14T05:02:23","slug":"bakhos-square-decanter","status":"publish","type":"product","link":"https:\/\/steklarna-rogaska.si\/ru\/product\/bakhos-square-decanter\/","title":{"rendered":"STEKLENICA ZA \u017dGANJE PRAVOKOTNA &#8211; BAKHOS &#8211; kos"},"content":{"rendered":"<p>vi\u0161ina = 258 mm<br \/>\n\u0161irina = 95 mm<br \/>\nte\u017ea = 2.0 kg<\/p>\n","protected":false},"excerpt":{"rendered":"<p>vi\u0161ina = 258 mm \u0161irina = 95 mm te\u017ea = 2.0 kg<\/p>\n","protected":false},"featured_media":3639,"comment_status":"closed","ping_status":"closed","template":"","meta":[],"product_brand":[],"product_cat":[196,908,935,936],"product_tag":[362,464],"class_list":{"0":"post-3590","1":"product","2":"type-product","3":"status-publish","4":"has-post-thumbnail","6":"product_cat-barski-program","7":"product_cat-steklenice-za-zganje","8":"product_cat-steklenice-dekanterji-vrci-posode","9":"product_cat-steklenica-za-zganje","10":"product_tag-bakhos","11":"product_tag-za-dekantiranje","13":"first","14":"outofstock","15":"shipping-taxable","16":"purchasable","17":"product-type-simple"},"_links":{"self":[{"href":"https:\/\/steklarna-rogaska.si\/ru\/wp-json\/wp\/v2\/product\/3590","targetHints":{"allow":["GET"]}}],"collection":[{"href":"https:\/\/steklarna-rogaska.si\/ru\/wp-json\/wp\/v2\/product"}],"about":[{"href":"https:\/\/steklarna-rogaska.si\/ru\/wp-json\/wp\/v2\/types\/product"}],"replies":[{"embeddable":true,"href":"https:\/\/steklarna-rogaska.si\/ru\/wp-json\/wp\/v2\/comments?post=3590"}],"wp:featuredmedia":[{"embeddable":true,"href":"https:\/\/steklarna-rogaska.si\/ru\/wp-json\/wp\/v2\/media\/3639"}],"wp:attachment":[{"href":"https:\/\/steklarna-rogaska.si\/ru\/wp-json\/wp\/v2\/media?parent=3590"}],"wp:term":[{"taxonomy":"product_brand","embeddable":true,"href":"https:\/\/steklarna-rogaska.si\/ru\/wp-json\/wp\/v2\/product_brand?post=3590"},{"taxonomy":"product_cat","embeddable":true,"href":"https:\/\/steklarna-rogaska.si\/ru\/wp-json\/wp\/v2\/product_cat?post=3590"},{"taxonomy":"product_tag","embeddable":true,"href":"https:\/\/steklarna-rogaska.si\/ru\/wp-json\/wp\/v2\/product_tag?post=3590"}],"curies":[{"name":"wp","href":"https:\/\/api.w.org\/{rel}","templated":true}]}}