{"id":3586,"date":"2019-12-28T09:21:35","date_gmt":"2019-12-28T09:21:35","guid":{"rendered":"https:\/\/steklarna-rogaska.si\/product\/import-placeholder-for-2036\/"},"modified":"2026-04-14T05:24:26","modified_gmt":"2026-04-14T05:24:26","slug":"bakhos-kozarec-za-rdece-vino-set-2","status":"publish","type":"product","link":"https:\/\/steklarna-rogaska.si\/ru\/product\/bakhos-kozarec-za-rdece-vino-set-2\/","title":{"rendered":"KOZAREC ZA RDE\u010cE VINO &#8211; BAKHOS &#8211; set 2 kos"},"content":{"rendered":"<p>vi\u0161ina = 229 mm<br \/>\n\u0161irina = 78 mm<br \/>\nte\u017ea = 0.2 kg<\/p>\n","protected":false},"excerpt":{"rendered":"<p>vi\u0161ina = 229 mm \u0161irina = 78 mm te\u017ea = 0.2 kg<\/p>\n","protected":false},"featured_media":3635,"comment_status":"closed","ping_status":"open","template":"","meta":[],"product_brand":[],"product_cat":[918,924,925,284,910],"product_tag":[],"class_list":{"0":"post-3586","1":"product","2":"type-product","3":"status-publish","4":"has-post-thumbnail","6":"product_cat-vecna-klasika-2","7":"product_cat-kozarci-2","8":"product_cat-kozarci-za-vino-2","9":"product_cat-vinski-program-default-group","10":"product_cat-kozarci-za-vino","12":"first","13":"instock","14":"shipping-taxable","15":"purchasable","16":"product-type-simple"},"_links":{"self":[{"href":"https:\/\/steklarna-rogaska.si\/ru\/wp-json\/wp\/v2\/product\/3586","targetHints":{"allow":["GET"]}}],"collection":[{"href":"https:\/\/steklarna-rogaska.si\/ru\/wp-json\/wp\/v2\/product"}],"about":[{"href":"https:\/\/steklarna-rogaska.si\/ru\/wp-json\/wp\/v2\/types\/product"}],"replies":[{"embeddable":true,"href":"https:\/\/steklarna-rogaska.si\/ru\/wp-json\/wp\/v2\/comments?post=3586"}],"wp:featuredmedia":[{"embeddable":true,"href":"https:\/\/steklarna-rogaska.si\/ru\/wp-json\/wp\/v2\/media\/3635"}],"wp:attachment":[{"href":"https:\/\/steklarna-rogaska.si\/ru\/wp-json\/wp\/v2\/media?parent=3586"}],"wp:term":[{"taxonomy":"product_brand","embeddable":true,"href":"https:\/\/steklarna-rogaska.si\/ru\/wp-json\/wp\/v2\/product_brand?post=3586"},{"taxonomy":"product_cat","embeddable":true,"href":"https:\/\/steklarna-rogaska.si\/ru\/wp-json\/wp\/v2\/product_cat?post=3586"},{"taxonomy":"product_tag","embeddable":true,"href":"https:\/\/steklarna-rogaska.si\/ru\/wp-json\/wp\/v2\/product_tag?post=3586"}],"curies":[{"name":"wp","href":"https:\/\/api.w.org\/{rel}","templated":true}]}}