{"id":3527,"date":"2019-12-28T09:20:27","date_gmt":"2019-12-28T09:20:27","guid":{"rendered":"https:\/\/steklarna-rogaska.si\/product\/import-placeholder-for-1971\/"},"modified":"2026-04-14T05:12:56","modified_gmt":"2026-04-14T05:12:56","slug":"aurea-decanter-lira","status":"publish","type":"product","link":"https:\/\/steklarna-rogaska.si\/ru\/product\/aurea-decanter-lira\/","title":{"rendered":"DEKANTER ZA VINO LIRA &#8211; AUREA &#8211; kos"},"content":{"rendered":"<p>vi\u0161ina = 410 mm<br \/>\n\u0161irina = 215 mm<br \/>\nvol. &#8211; 1.8 l<br \/>\nte\u017ea = 0.9 kg<\/p>\n","protected":false},"excerpt":{"rendered":"<p>vi\u0161ina = 410 mm \u0161irina = 215 mm vol. &#8211; 1.8 l te\u017ea = 0.9 kg<\/p>\n","protected":false},"featured_media":3576,"comment_status":"closed","ping_status":"closed","template":"","meta":[],"product_brand":[],"product_cat":[919,996,935,939,938,284,913],"product_tag":[244,466,464,463],"class_list":{"0":"post-3527","1":"product","2":"type-product","3":"status-publish","4":"has-post-thumbnail","6":"product_cat-poslovna-darila","7":"product_cat-praznicna-ponudba","8":"product_cat-steklenice-dekanterji-vrci-posode","9":"product_cat-dekanter-za-vino-2","10":"product_cat-steklenica-za-vino","11":"product_cat-vinski-program-default-group","12":"product_cat-dekanter-za-vino","13":"product_tag-aurea","14":"product_tag-poseben-dizajn","15":"product_tag-za-dekantiranje","16":"product_tag-za-vino","18":"first","19":"instock","20":"shipping-taxable","21":"purchasable","22":"product-type-simple"},"_links":{"self":[{"href":"https:\/\/steklarna-rogaska.si\/ru\/wp-json\/wp\/v2\/product\/3527","targetHints":{"allow":["GET"]}}],"collection":[{"href":"https:\/\/steklarna-rogaska.si\/ru\/wp-json\/wp\/v2\/product"}],"about":[{"href":"https:\/\/steklarna-rogaska.si\/ru\/wp-json\/wp\/v2\/types\/product"}],"replies":[{"embeddable":true,"href":"https:\/\/steklarna-rogaska.si\/ru\/wp-json\/wp\/v2\/comments?post=3527"}],"wp:featuredmedia":[{"embeddable":true,"href":"https:\/\/steklarna-rogaska.si\/ru\/wp-json\/wp\/v2\/media\/3576"}],"wp:attachment":[{"href":"https:\/\/steklarna-rogaska.si\/ru\/wp-json\/wp\/v2\/media?parent=3527"}],"wp:term":[{"taxonomy":"product_brand","embeddable":true,"href":"https:\/\/steklarna-rogaska.si\/ru\/wp-json\/wp\/v2\/product_brand?post=3527"},{"taxonomy":"product_cat","embeddable":true,"href":"https:\/\/steklarna-rogaska.si\/ru\/wp-json\/wp\/v2\/product_cat?post=3527"},{"taxonomy":"product_tag","embeddable":true,"href":"https:\/\/steklarna-rogaska.si\/ru\/wp-json\/wp\/v2\/product_tag?post=3527"}],"curies":[{"name":"wp","href":"https:\/\/api.w.org\/{rel}","templated":true}]}}