{"id":3514,"date":"2019-12-28T09:20:03","date_gmt":"2019-12-28T09:20:03","guid":{"rendered":"https:\/\/steklarna-rogaska.si\/product\/import-placeholder-for-1968\/"},"modified":"2026-04-14T05:02:15","modified_gmt":"2026-04-14T05:02:15","slug":"aurea-kozarec-za-penino-set-2","status":"publish","type":"product","link":"https:\/\/steklarna-rogaska.si\/ru\/product\/aurea-kozarec-za-penino-set-2\/","title":{"rendered":"KOZAREC ZA PENINO &#8211; AUREA &#8211; set 2 kos"},"content":{"rendered":"<p>vi\u0161ina = 292 mm<br \/>\n\u0161irina = 66 mm<br \/>\nvol. &#8211; 250 ml<br \/>\nte\u017ea = 0.1 kg<\/p>\n","protected":false},"excerpt":{"rendered":"<p>&#8216;Aurea&#8217; je najbolj elegantna in ob\u0161irna vinska serija Roga\u0161ke, narejena za tiste, ki znajo ceniti zna\u010dilnosti razli\u010dnih sort grozdja. Ponuja tudi odli\u010dno izhodi\u0161\u010de, \u010de \u017eelite ustvariti svojo poznavalsko zbirko vinskih kelihov.<\/p>\n","protected":false},"featured_media":3562,"comment_status":"closed","ping_status":"closed","template":"","meta":[],"product_brand":[],"product_cat":[916,920,919,996,924,926,284,911],"product_tag":[244,470,469,452,468],"class_list":{"0":"post-3514","1":"product","2":"type-product","3":"status-publish","4":"has-post-thumbnail","6":"product_cat-darilni-program-2","7":"product_cat-porocna-darila","8":"product_cat-poslovna-darila","9":"product_cat-praznicna-ponudba","10":"product_cat-kozarci-2","11":"product_cat-kozarci-za-penino-2","12":"product_cat-vinski-program-default-group","13":"product_cat-kozarci-za-penino","14":"product_tag-aurea","15":"product_tag-mehurcki","16":"product_tag-posebne-priloznosti","17":"product_tag-praznovanje","18":"product_tag-za-penino","20":"first","21":"instock","22":"shipping-taxable","23":"purchasable","24":"product-type-simple"},"_links":{"self":[{"href":"https:\/\/steklarna-rogaska.si\/ru\/wp-json\/wp\/v2\/product\/3514","targetHints":{"allow":["GET"]}}],"collection":[{"href":"https:\/\/steklarna-rogaska.si\/ru\/wp-json\/wp\/v2\/product"}],"about":[{"href":"https:\/\/steklarna-rogaska.si\/ru\/wp-json\/wp\/v2\/types\/product"}],"replies":[{"embeddable":true,"href":"https:\/\/steklarna-rogaska.si\/ru\/wp-json\/wp\/v2\/comments?post=3514"}],"wp:featuredmedia":[{"embeddable":true,"href":"https:\/\/steklarna-rogaska.si\/ru\/wp-json\/wp\/v2\/media\/3562"}],"wp:attachment":[{"href":"https:\/\/steklarna-rogaska.si\/ru\/wp-json\/wp\/v2\/media?parent=3514"}],"wp:term":[{"taxonomy":"product_brand","embeddable":true,"href":"https:\/\/steklarna-rogaska.si\/ru\/wp-json\/wp\/v2\/product_brand?post=3514"},{"taxonomy":"product_cat","embeddable":true,"href":"https:\/\/steklarna-rogaska.si\/ru\/wp-json\/wp\/v2\/product_cat?post=3514"},{"taxonomy":"product_tag","embeddable":true,"href":"https:\/\/steklarna-rogaska.si\/ru\/wp-json\/wp\/v2\/product_tag?post=3514"}],"curies":[{"name":"wp","href":"https:\/\/api.w.org\/{rel}","templated":true}]}}