{"id":3494,"date":"2019-12-28T09:19:40","date_gmt":"2019-12-28T09:19:40","guid":{"rendered":"https:\/\/steklarna-rogaska.si\/product\/import-placeholder-for-1936\/"},"modified":"2026-04-21T05:02:01","modified_gmt":"2026-04-21T05:02:01","slug":"aulide-gold-kozarec-za-ledeni-caj-set-2","status":"publish","type":"product","link":"https:\/\/steklarna-rogaska.si\/ru\/product\/aulide-gold-kozarec-za-ledeni-caj-set-2\/","title":{"rendered":"KOZAREC ZA LEDENI \u010cAJ, LONG DRINK &#8211; AULIDE GOLD &#8211; set 2 kos"},"content":{"rendered":"<p>vi\u0161ina = 209 mm<br \/>\n\u0161irina = 87 mm<br \/>\nte\u017ea = 0.4 kg<\/p>\n","protected":false},"excerpt":{"rendered":"<p>vi\u0161ina = 209 mm \u0161irina = 87 mm te\u017ea = 0.4 kg<\/p>\n","protected":false},"featured_media":3543,"comment_status":"closed","ping_status":"closed","template":"","meta":[],"product_brand":[],"product_cat":[924,932],"product_tag":[346,452,457,458],"class_list":{"0":"post-3494","1":"product","2":"type-product","3":"status-publish","4":"has-post-thumbnail","6":"product_cat-kozarci-2","7":"product_cat-kozarci-za-sok","8":"product_tag-aulide-gold","9":"product_tag-praznovanje","10":"product_tag-za-ledeni-caj","11":"product_tag-za-mesane-pijace","13":"first","14":"outofstock","15":"shipping-taxable","16":"purchasable","17":"product-type-simple"},"_links":{"self":[{"href":"https:\/\/steklarna-rogaska.si\/ru\/wp-json\/wp\/v2\/product\/3494","targetHints":{"allow":["GET"]}}],"collection":[{"href":"https:\/\/steklarna-rogaska.si\/ru\/wp-json\/wp\/v2\/product"}],"about":[{"href":"https:\/\/steklarna-rogaska.si\/ru\/wp-json\/wp\/v2\/types\/product"}],"replies":[{"embeddable":true,"href":"https:\/\/steklarna-rogaska.si\/ru\/wp-json\/wp\/v2\/comments?post=3494"}],"wp:featuredmedia":[{"embeddable":true,"href":"https:\/\/steklarna-rogaska.si\/ru\/wp-json\/wp\/v2\/media\/3543"}],"wp:attachment":[{"href":"https:\/\/steklarna-rogaska.si\/ru\/wp-json\/wp\/v2\/media?parent=3494"}],"wp:term":[{"taxonomy":"product_brand","embeddable":true,"href":"https:\/\/steklarna-rogaska.si\/ru\/wp-json\/wp\/v2\/product_brand?post=3494"},{"taxonomy":"product_cat","embeddable":true,"href":"https:\/\/steklarna-rogaska.si\/ru\/wp-json\/wp\/v2\/product_cat?post=3494"},{"taxonomy":"product_tag","embeddable":true,"href":"https:\/\/steklarna-rogaska.si\/ru\/wp-json\/wp\/v2\/product_tag?post=3494"}],"curies":[{"name":"wp","href":"https:\/\/api.w.org\/{rel}","templated":true}]}}