{"id":3493,"date":"2019-12-28T09:19:40","date_gmt":"2019-12-28T09:19:40","guid":{"rendered":"https:\/\/steklarna-rogaska.si\/product\/import-placeholder-for-1935\/"},"modified":"2026-04-21T05:23:57","modified_gmt":"2026-04-21T05:23:57","slug":"aulide-brandy-gold-set-of-2","status":"publish","type":"product","link":"https:\/\/steklarna-rogaska.si\/ru\/product\/aulide-brandy-gold-set-of-2\/","title":{"rendered":"KOZAREC ZA KONJAK &#8211; AULIDE GOLD &#8211; set 2 kos"},"content":{"rendered":"<p>vi\u0161ina = 144 mm<br \/>\n\u0161irina = 102 mm<br \/>\nte\u017ea = 0.4 kg<\/p>\n","protected":false},"excerpt":{"rendered":"<p>vi\u0161ina = 144 mm \u0161irina = 102 mm te\u017ea = 0.4 kg<\/p>\n","protected":false},"featured_media":3542,"comment_status":"closed","ping_status":"open","template":"","meta":[],"product_brand":[],"product_cat":[196,906,924,929],"product_tag":[346,451,439],"class_list":{"0":"post-3493","1":"product","2":"type-product","3":"status-publish","4":"has-post-thumbnail","6":"product_cat-barski-program","7":"product_cat-kozarci-za-konjak","8":"product_cat-kozarci-2","9":"product_cat-kozarci-za-konjak-2","10":"product_tag-aulide-gold","11":"product_tag-bar","12":"product_tag-poroka","14":"first","15":"instock","16":"shipping-taxable","17":"purchasable","18":"product-type-simple"},"_links":{"self":[{"href":"https:\/\/steklarna-rogaska.si\/ru\/wp-json\/wp\/v2\/product\/3493","targetHints":{"allow":["GET"]}}],"collection":[{"href":"https:\/\/steklarna-rogaska.si\/ru\/wp-json\/wp\/v2\/product"}],"about":[{"href":"https:\/\/steklarna-rogaska.si\/ru\/wp-json\/wp\/v2\/types\/product"}],"replies":[{"embeddable":true,"href":"https:\/\/steklarna-rogaska.si\/ru\/wp-json\/wp\/v2\/comments?post=3493"}],"wp:featuredmedia":[{"embeddable":true,"href":"https:\/\/steklarna-rogaska.si\/ru\/wp-json\/wp\/v2\/media\/3542"}],"wp:attachment":[{"href":"https:\/\/steklarna-rogaska.si\/ru\/wp-json\/wp\/v2\/media?parent=3493"}],"wp:term":[{"taxonomy":"product_brand","embeddable":true,"href":"https:\/\/steklarna-rogaska.si\/ru\/wp-json\/wp\/v2\/product_brand?post=3493"},{"taxonomy":"product_cat","embeddable":true,"href":"https:\/\/steklarna-rogaska.si\/ru\/wp-json\/wp\/v2\/product_cat?post=3493"},{"taxonomy":"product_tag","embeddable":true,"href":"https:\/\/steklarna-rogaska.si\/ru\/wp-json\/wp\/v2\/product_tag?post=3493"}],"curies":[{"name":"wp","href":"https:\/\/api.w.org\/{rel}","templated":true}]}}