{"id":3452,"date":"2019-12-28T09:18:54","date_gmt":"2019-12-28T09:18:54","guid":{"rendered":"https:\/\/steklarna-rogaska.si\/product\/import-placeholder-for-1897\/"},"modified":"2026-05-07T13:11:53","modified_gmt":"2026-05-07T13:11:53","slug":"adria-platter-18-cm","status":"publish","type":"product","link":"https:\/\/steklarna-rogaska.si\/ru\/product\/adria-platter-18-cm\/","title":{"rendered":"KRO\u017dNIK 18 CM &#8211; ADRIA &#8211; kos"},"content":{"rendered":"<p>vi\u0161ina=23 mm<\/p>\n<p>\u0161irina=180 mm<\/p>\n<p>te\u017ea= 0,7 kg<\/p>\n","protected":false},"excerpt":{"rendered":"<p>Serija Adria je \u010dudovito nabor izdelkov z mehkimi zaobljenimi oblikami, ki poudarjajo sodoben, a vseeno ve\u010dno klasi\u010den dizajn.<\/p>\n","protected":false},"featured_media":3501,"comment_status":"closed","ping_status":"closed","template":"","meta":[],"product_brand":[],"product_cat":[953,955,916,921,920,919,996,942,943],"product_tag":[188,441],"class_list":{"0":"post-3452","1":"product","2":"type-product","3":"status-publish","4":"has-post-thumbnail","6":"product_cat-bozicna-dekoracija","7":"product_cat-dekorativni-dodatki","8":"product_cat-darilni-program-2","9":"product_cat-darila-zanjo","10":"product_cat-porocna-darila","11":"product_cat-poslovna-darila","12":"product_cat-praznicna-ponudba","13":"product_cat-krozniki-in-pladnji","14":"product_cat-krozniki","15":"product_tag-adria","16":"product_tag-porocna-darila","18":"first","19":"instock","20":"shipping-taxable","21":"purchasable","22":"product-type-simple"},"_links":{"self":[{"href":"https:\/\/steklarna-rogaska.si\/ru\/wp-json\/wp\/v2\/product\/3452","targetHints":{"allow":["GET"]}}],"collection":[{"href":"https:\/\/steklarna-rogaska.si\/ru\/wp-json\/wp\/v2\/product"}],"about":[{"href":"https:\/\/steklarna-rogaska.si\/ru\/wp-json\/wp\/v2\/types\/product"}],"replies":[{"embeddable":true,"href":"https:\/\/steklarna-rogaska.si\/ru\/wp-json\/wp\/v2\/comments?post=3452"}],"wp:featuredmedia":[{"embeddable":true,"href":"https:\/\/steklarna-rogaska.si\/ru\/wp-json\/wp\/v2\/media\/3501"}],"wp:attachment":[{"href":"https:\/\/steklarna-rogaska.si\/ru\/wp-json\/wp\/v2\/media?parent=3452"}],"wp:term":[{"taxonomy":"product_brand","embeddable":true,"href":"https:\/\/steklarna-rogaska.si\/ru\/wp-json\/wp\/v2\/product_brand?post=3452"},{"taxonomy":"product_cat","embeddable":true,"href":"https:\/\/steklarna-rogaska.si\/ru\/wp-json\/wp\/v2\/product_cat?post=3452"},{"taxonomy":"product_tag","embeddable":true,"href":"https:\/\/steklarna-rogaska.si\/ru\/wp-json\/wp\/v2\/product_tag?post=3452"}],"curies":[{"name":"wp","href":"https:\/\/api.w.org\/{rel}","templated":true}]}}