{"id":3439,"date":"2019-12-28T09:18:53","date_gmt":"2019-12-28T09:18:53","guid":{"rendered":"https:\/\/steklarna-rogaska.si\/product\/import-placeholder-for-1819\/"},"modified":"2026-04-14T05:13:23","modified_gmt":"2026-04-14T05:13:23","slug":"aster-votive","status":"publish","type":"product","link":"https:\/\/steklarna-rogaska.si\/ru\/product\/aster-votive\/","title":{"rendered":"VOTIV ZA \u010cAJNO SVE\u010cO &#8211; ASTER &#8211; kos"},"content":{"rendered":"<p>vi\u0161ina = 44 mm<br \/>\n\u0161irina = 149 mm<br \/>\nte\u017ea = 0.9 kg<\/p>\n","protected":false},"excerpt":{"rendered":"<p>vi\u0161ina = 44 mm \u0161irina = 149 mm te\u017ea = 0.9 kg<\/p>\n","protected":false},"featured_media":3478,"comment_status":"closed","ping_status":"open","template":"","meta":[],"product_brand":[],"product_cat":[953,955,916,919,996,952],"product_tag":[342,441,439,442],"class_list":{"0":"post-3439","1":"product","2":"type-product","3":"status-publish","4":"has-post-thumbnail","6":"product_cat-bozicna-dekoracija","7":"product_cat-dekorativni-dodatki","8":"product_cat-darilni-program-2","9":"product_cat-poslovna-darila","10":"product_cat-praznicna-ponudba","11":"product_cat-svecnik","12":"product_tag-aster","13":"product_tag-porocna-darila","14":"product_tag-poroka","15":"product_tag-praznicna-darila","17":"first","18":"outofstock","19":"shipping-taxable","20":"purchasable","21":"product-type-simple"},"_links":{"self":[{"href":"https:\/\/steklarna-rogaska.si\/ru\/wp-json\/wp\/v2\/product\/3439","targetHints":{"allow":["GET"]}}],"collection":[{"href":"https:\/\/steklarna-rogaska.si\/ru\/wp-json\/wp\/v2\/product"}],"about":[{"href":"https:\/\/steklarna-rogaska.si\/ru\/wp-json\/wp\/v2\/types\/product"}],"replies":[{"embeddable":true,"href":"https:\/\/steklarna-rogaska.si\/ru\/wp-json\/wp\/v2\/comments?post=3439"}],"wp:featuredmedia":[{"embeddable":true,"href":"https:\/\/steklarna-rogaska.si\/ru\/wp-json\/wp\/v2\/media\/3478"}],"wp:attachment":[{"href":"https:\/\/steklarna-rogaska.si\/ru\/wp-json\/wp\/v2\/media?parent=3439"}],"wp:term":[{"taxonomy":"product_brand","embeddable":true,"href":"https:\/\/steklarna-rogaska.si\/ru\/wp-json\/wp\/v2\/product_brand?post=3439"},{"taxonomy":"product_cat","embeddable":true,"href":"https:\/\/steklarna-rogaska.si\/ru\/wp-json\/wp\/v2\/product_cat?post=3439"},{"taxonomy":"product_tag","embeddable":true,"href":"https:\/\/steklarna-rogaska.si\/ru\/wp-json\/wp\/v2\/product_tag?post=3439"}],"curies":[{"name":"wp","href":"https:\/\/api.w.org\/{rel}","templated":true}]}}