{"id":24357,"date":"2023-06-14T07:37:34","date_gmt":"2023-06-14T07:37:34","guid":{"rendered":"https:\/\/steklarna-rogaska.si\/?post_type=product&#038;p=24357"},"modified":"2026-04-20T08:33:55","modified_gmt":"2026-04-20T08:33:55","slug":"heaven-hell-gin-darilni-set","status":"publish","type":"product","link":"https:\/\/steklarna-rogaska.si\/ru\/product\/heaven-hell-gin-darilni-set\/","title":{"rendered":"HEAVEN &#038; HELL GIN DARILNI SET"},"content":{"rendered":"<div class=\"elementor-element elementor-element-74b9b29 elementor-widget elementor-widget-text-editor\" data-id=\"74b9b29\" data-element_type=\"widget\" data-widget_type=\"text-editor.default\">\n<div class=\"elementor-widget-container\">\n<p>47 solz bo\u017eanstva je kanilo z vrhov gora na rodovitno zemljo, s katere je vzklilo 21 gore\u010dih, ognjenih in pomirjujo\u010dih zdravilnih rastlin. 21 sve\u017eih, sladkih in \u010distih, katerim so se pridru\u017eili \u0161e ogenj, voda, zemlja in prst. Z zadnjo solzo brinovih jagod se je rodil eleksir \u017eivljenja zdru\u017een v posebnem opoju bo\u017eanstva.<\/p>\n<p>Tradicionalna destilacija popolnosti je zajela 47 razli\u010dnih, 100% naravnih botani\u010dnih rastlin, zdru\u017eenih v prefinjeno kombinacijo.<\/p>\n<p><strong>Heaven &amp; Hell Gin<\/strong>\u00a0s seboj prina\u0161a nepozabno zgodbo neponovljivih okusov.<\/p>\n<\/div>\n<\/div>\n<div class=\"elementor-element elementor-element-e036abb elementor-widget elementor-widget-spacer\" data-id=\"e036abb\" data-element_type=\"widget\" data-widget_type=\"spacer.default\">\n<div class=\"elementor-widget-container\">\n<div class=\"elementor-spacer\">\n<div class=\"elementor-spacer-inner\"><span style=\"color: #000000; font-size: 17px;\">Podrobnosti o izdelku<\/span><\/div>\n<\/div>\n<\/div>\n<\/div>\n<div class=\"elementor-element elementor-element-3c529cf elementor-widget elementor-widget-spacer\" data-id=\"3c529cf\" data-element_type=\"widget\" data-widget_type=\"spacer.default\">\n<div class=\"elementor-widget-container\">\n<div class=\"elementor-spacer\">\n<div class=\"elementor-spacer-inner\"><strong>Tip:<\/strong>\u00a0London Dry Gin (vsa zeli\u0161\u010da so dodana v postopku destilacije)<\/div>\n<\/div>\n<\/div>\n<\/div>\n<div class=\"elementor-element elementor-element-edf9745 elementor-widget elementor-widget-text-editor\" data-id=\"edf9745\" data-element_type=\"widget\" data-widget_type=\"text-editor.default\">\n<div class=\"elementor-widget-container\">\n<p><strong>Karakteristike:<\/strong>\u00a0Sve\u017ee, sadne note<\/p>\n<p><strong>Destilacija:<\/strong>\u00a0Maceracija, parna infuzija<\/p>\n<p><strong>Kotel:<\/strong>\u00a0bakreni kotel brez kolona<\/p>\n<p><strong>Volumen:<\/strong>\u00a0700 ml<\/p>\n<p><strong>Alk:<\/strong>\u00a047 vol.%<\/p>\n<p><strong>Poreklo:<\/strong>\u00a0Proizvedeno v EU<\/p>\n<p><strong>VKLJU\u010cENO V SET:\u00a0<\/strong><strong>Kristalni kozarec Roga\u0161ka, <\/strong><strong>Darilna embala\u017ea z zlatim potiskom<\/strong><\/p>\n<\/div>\n<\/div>\n","protected":false},"excerpt":{"rendered":"<p>47 solz bo\u017eanstva je kanilo z vrhov gora na rodovitno zemljo, s katere je vzklilo 21 gore\u010dih, ognjenih in pomirjujo\u010dih zdravilnih rastlin. 21 sve\u017eih, sladkih [&hellip;]<\/p>\n","protected":false},"featured_media":24358,"comment_status":"open","ping_status":"open","template":"","meta":[],"product_brand":[],"product_cat":[196,525],"product_tag":[],"class_list":{"0":"post-24357","1":"product","2":"type-product","3":"status-publish","4":"has-post-thumbnail","6":"product_cat-barski-program","7":"product_cat-darilni-seti-barski-program","9":"first","10":"outofstock","11":"featured","12":"shipping-taxable","13":"purchasable","14":"product-type-simple"},"_links":{"self":[{"href":"https:\/\/steklarna-rogaska.si\/ru\/wp-json\/wp\/v2\/product\/24357","targetHints":{"allow":["GET"]}}],"collection":[{"href":"https:\/\/steklarna-rogaska.si\/ru\/wp-json\/wp\/v2\/product"}],"about":[{"href":"https:\/\/steklarna-rogaska.si\/ru\/wp-json\/wp\/v2\/types\/product"}],"replies":[{"embeddable":true,"href":"https:\/\/steklarna-rogaska.si\/ru\/wp-json\/wp\/v2\/comments?post=24357"}],"wp:featuredmedia":[{"embeddable":true,"href":"https:\/\/steklarna-rogaska.si\/ru\/wp-json\/wp\/v2\/media\/24358"}],"wp:attachment":[{"href":"https:\/\/steklarna-rogaska.si\/ru\/wp-json\/wp\/v2\/media?parent=24357"}],"wp:term":[{"taxonomy":"product_brand","embeddable":true,"href":"https:\/\/steklarna-rogaska.si\/ru\/wp-json\/wp\/v2\/product_brand?post=24357"},{"taxonomy":"product_cat","embeddable":true,"href":"https:\/\/steklarna-rogaska.si\/ru\/wp-json\/wp\/v2\/product_cat?post=24357"},{"taxonomy":"product_tag","embeddable":true,"href":"https:\/\/steklarna-rogaska.si\/ru\/wp-json\/wp\/v2\/product_tag?post=24357"}],"curies":[{"name":"wp","href":"https:\/\/api.w.org\/{rel}","templated":true}]}}