{"id":24041,"date":"2023-05-08T12:08:14","date_gmt":"2023-05-08T12:08:14","guid":{"rendered":"https:\/\/steklarna-rogaska.si\/?post_type=product&#038;p=24041"},"modified":"2026-04-14T05:02:42","modified_gmt":"2026-04-14T05:02:42","slug":"drzalo-za-prstane-srce-kos","status":"publish","type":"product","link":"https:\/\/steklarna-rogaska.si\/ru\/product\/drzalo-za-prstane-srce-kos\/","title":{"rendered":"DR\u017dALO ZA PRSTANE &#8211; SRCE &#8211; kos"},"content":{"rendered":"<p>&nbsp;<\/p>\n<p>&nbsp;<\/p>\n","protected":false},"excerpt":{"rendered":"<p>Z dr\u017ealom za prstane boste varno shranili va\u0161 zaro\u010dni ali poro\u010dni prstan.<\/p>\n<p>Sredinska konjica poskrbi, da bo prstan vedno na mestu, kjer ste ga odlo\u017eili, medtem ko lahko uhane ali ogrlice odlo\u017eite v prostor okrog. Sr\u010dasta oblika dr\u017eala spominja na ljubezen, gladka povr\u0161ina pa omogo\u010da, da nanj dodate gravuro s spominskim \u00a0sporo\u010dilom.<\/p>\n<p>Dimenzija:<\/p>\n<p>\u0160irina: 107 mm<\/p>\n<p>Vi\u0161ina: 51 mm<\/p>\n","protected":false},"featured_media":24042,"comment_status":"open","ping_status":"closed","template":"","meta":[],"product_brand":[],"product_cat":[916,922,921,920],"product_tag":[1311,991,1312],"class_list":{"0":"post-24041","1":"product","2":"type-product","3":"status-publish","4":"has-post-thumbnail","6":"product_cat-darilni-program-2","7":"product_cat-darila-zanj","8":"product_cat-darila-zanjo","9":"product_cat-porocna-darila","10":"product_tag-drzalo-za-prstane","11":"product_tag-porocno-darilo","12":"product_tag-stojalo-za-prstane","14":"first","15":"instock","16":"shipping-taxable","17":"purchasable","18":"product-type-simple"},"_links":{"self":[{"href":"https:\/\/steklarna-rogaska.si\/ru\/wp-json\/wp\/v2\/product\/24041","targetHints":{"allow":["GET"]}}],"collection":[{"href":"https:\/\/steklarna-rogaska.si\/ru\/wp-json\/wp\/v2\/product"}],"about":[{"href":"https:\/\/steklarna-rogaska.si\/ru\/wp-json\/wp\/v2\/types\/product"}],"replies":[{"embeddable":true,"href":"https:\/\/steklarna-rogaska.si\/ru\/wp-json\/wp\/v2\/comments?post=24041"}],"wp:featuredmedia":[{"embeddable":true,"href":"https:\/\/steklarna-rogaska.si\/ru\/wp-json\/wp\/v2\/media\/24042"}],"wp:attachment":[{"href":"https:\/\/steklarna-rogaska.si\/ru\/wp-json\/wp\/v2\/media?parent=24041"}],"wp:term":[{"taxonomy":"product_brand","embeddable":true,"href":"https:\/\/steklarna-rogaska.si\/ru\/wp-json\/wp\/v2\/product_brand?post=24041"},{"taxonomy":"product_cat","embeddable":true,"href":"https:\/\/steklarna-rogaska.si\/ru\/wp-json\/wp\/v2\/product_cat?post=24041"},{"taxonomy":"product_tag","embeddable":true,"href":"https:\/\/steklarna-rogaska.si\/ru\/wp-json\/wp\/v2\/product_tag?post=24041"}],"curies":[{"name":"wp","href":"https:\/\/api.w.org\/{rel}","templated":true}]}}