{"id":23943,"date":"2023-04-04T08:56:40","date_gmt":"2023-04-04T08:56:40","guid":{"rendered":"https:\/\/steklarna-rogaska.si\/?post_type=product&#038;p=23943"},"modified":"2024-01-19T07:53:50","modified_gmt":"2024-01-19T07:53:50","slug":"darilni-set-caj-za-dva-2-skodelici-za-caj-in-caj-wedgwood-equinox","status":"publish","type":"product","link":"https:\/\/steklarna-rogaska.si\/ru\/product\/darilni-set-caj-za-dva-2-skodelici-za-caj-in-caj-wedgwood-equinox\/","title":{"rendered":"DARILNI SET \u010cAJ ZA DVA \u2013 2 SKODELICI ZA \u010cAJ IN \u010cAJ WEDGWOOD &#8211; EQUINOX &#8211; set 2 KOS"},"content":{"rendered":"<p>Darilni set \u201d\u010daj za dva\u201d vsebuje dve kristalni skodelici za \u010daj in paket \u010dajev Wedgwood (20 vre\u010dk). Z darilnim paketom boste razveselili slehernega ljubitelja \u010dajev, saj je u\u017eitek ob pitju vrhunskega \u010daja iz kristalnih skodelic zares navdu\u0161ujo\u010d.<\/p>\n","protected":false},"excerpt":{"rendered":"<p>Darilni set \u201d\u010daj za dva\u201d vsebuje dve kristalni skodelici za \u010daj in paket \u010dajev Wedgwood (20 vre\u010dk). Z darilnim paketom boste razveselili slehernega ljubitelja \u010dajev, [&hellip;]<\/p>\n","protected":false},"featured_media":20854,"comment_status":"open","ping_status":"closed","template":"","meta":[],"product_brand":[],"product_cat":[916,922,921,919,996,956,958],"product_tag":[1310,524,399,1125],"class_list":{"0":"post-23943","1":"product","2":"type-product","3":"status-publish","4":"has-post-thumbnail","6":"product_cat-darilni-program-2","7":"product_cat-darila-zanj","8":"product_cat-darila-zanjo","9":"product_cat-poslovna-darila","10":"product_cat-praznicna-ponudba","11":"product_cat-skodelice-za-caj-kavo-sladoled","12":"product_cat-skodelice-za-caj","13":"product_tag-caj-za-dva","14":"product_tag-darilni-set","15":"product_tag-equinox","16":"product_tag-wedgwood","18":"first","19":"outofstock","20":"shipping-taxable","21":"purchasable","22":"product-type-simple"},"_links":{"self":[{"href":"https:\/\/steklarna-rogaska.si\/ru\/wp-json\/wp\/v2\/product\/23943","targetHints":{"allow":["GET"]}}],"collection":[{"href":"https:\/\/steklarna-rogaska.si\/ru\/wp-json\/wp\/v2\/product"}],"about":[{"href":"https:\/\/steklarna-rogaska.si\/ru\/wp-json\/wp\/v2\/types\/product"}],"replies":[{"embeddable":true,"href":"https:\/\/steklarna-rogaska.si\/ru\/wp-json\/wp\/v2\/comments?post=23943"}],"wp:featuredmedia":[{"embeddable":true,"href":"https:\/\/steklarna-rogaska.si\/ru\/wp-json\/wp\/v2\/media\/20854"}],"wp:attachment":[{"href":"https:\/\/steklarna-rogaska.si\/ru\/wp-json\/wp\/v2\/media?parent=23943"}],"wp:term":[{"taxonomy":"product_brand","embeddable":true,"href":"https:\/\/steklarna-rogaska.si\/ru\/wp-json\/wp\/v2\/product_brand?post=23943"},{"taxonomy":"product_cat","embeddable":true,"href":"https:\/\/steklarna-rogaska.si\/ru\/wp-json\/wp\/v2\/product_cat?post=23943"},{"taxonomy":"product_tag","embeddable":true,"href":"https:\/\/steklarna-rogaska.si\/ru\/wp-json\/wp\/v2\/product_tag?post=23943"}],"curies":[{"name":"wp","href":"https:\/\/api.w.org\/{rel}","templated":true}]}}