{"id":20214,"date":"2024-01-18T10:46:15","date_gmt":"2024-01-18T10:46:15","guid":{"rendered":"https:\/\/steklarna-rogaska.si\/?post_type=product&#038;p=20214"},"modified":"2026-01-05T11:55:27","modified_gmt":"2026-01-05T11:55:27","slug":"vstopnica-za-ogled-proizvodnje-otroci","status":"publish","type":"product","link":"https:\/\/steklarna-rogaska.si\/ru\/product\/vstopnica-za-ogled-proizvodnje-otroci\/","title":{"rendered":"VSTOPNICA ZA OGLED PROIZVODNJE &#8211; OTROCI"},"content":{"rendered":"<p>Otroci do 6. leta starosti imajo brezpla\u010den vstop!<\/p>\n<p>Za otroke do 10. leta starosti je obvezen vstop s star\u0161em ali spremljevalcem.<\/p>\n<p>Za otroke do 3. leta starosti obisk zaradi mo\u017enih nevarnosti odsvetujemo!<\/p>\n<p>Ogled proizvodnje je mo\u017een ob predhodni najavi na naslovu Steklarna Roga\u0161ka d.o.o., Ulica talcev 1, Roga\u0161ka Slatina<\/p>\n<p>Rezervirajte termin na <a href=\"mailto:obisk.rogaska@fiskars.com\"><strong>obisk.rogaska@fiskars.com <\/strong><\/a><\/p>\n<p>Dodatne informacije:<a href=\"https:\/\/steklarna-rogaska.si\/turisticna-pot\/\">https:\/\/steklarna-rogaska.si\/turisticna-pot\/\u00a0<\/a><\/p>\n","protected":false},"excerpt":{"rendered":"<p>Turisti\u010dna pot Steklarne Roga\u0161ka je edinstveno do\u017eivetje, ki ste ga lahko dele\u017eni ob obisku Roga\u0161ke Slatine. Vabljeni da si v \u017eivo ogledate, kako nastajajo vrhunski kristalni izdelki Steklarne Roga\u0161ka, ki plemenitijo ambiente po vsem svetu.<br \/>\nSkupaj z vodnikom, si boste ogledali celoten proizvodni proces in ob\u010dudovali mojstrstvo in umetnost obdelave stekla.<\/p>\n","protected":false},"featured_media":19662,"comment_status":"open","ping_status":"closed","template":"","meta":[],"product_brand":[],"product_cat":[1232],"product_tag":[1234,1233,1235],"class_list":{"0":"post-20214","1":"product","2":"type-product","3":"status-publish","4":"has-post-thumbnail","6":"product_cat-turisticna-pot-vstopnice","7":"product_tag-steklarna-rogaska","8":"product_tag-turisticna-pot","9":"product_tag-vstopnica-za-ogled-proizvodnje","11":"first","12":"instock","13":"shipping-taxable","14":"purchasable","15":"product-type-simple"},"_links":{"self":[{"href":"https:\/\/steklarna-rogaska.si\/ru\/wp-json\/wp\/v2\/product\/20214","targetHints":{"allow":["GET"]}}],"collection":[{"href":"https:\/\/steklarna-rogaska.si\/ru\/wp-json\/wp\/v2\/product"}],"about":[{"href":"https:\/\/steklarna-rogaska.si\/ru\/wp-json\/wp\/v2\/types\/product"}],"replies":[{"embeddable":true,"href":"https:\/\/steklarna-rogaska.si\/ru\/wp-json\/wp\/v2\/comments?post=20214"}],"wp:featuredmedia":[{"embeddable":true,"href":"https:\/\/steklarna-rogaska.si\/ru\/wp-json\/wp\/v2\/media\/19662"}],"wp:attachment":[{"href":"https:\/\/steklarna-rogaska.si\/ru\/wp-json\/wp\/v2\/media?parent=20214"}],"wp:term":[{"taxonomy":"product_brand","embeddable":true,"href":"https:\/\/steklarna-rogaska.si\/ru\/wp-json\/wp\/v2\/product_brand?post=20214"},{"taxonomy":"product_cat","embeddable":true,"href":"https:\/\/steklarna-rogaska.si\/ru\/wp-json\/wp\/v2\/product_cat?post=20214"},{"taxonomy":"product_tag","embeddable":true,"href":"https:\/\/steklarna-rogaska.si\/ru\/wp-json\/wp\/v2\/product_tag?post=20214"}],"curies":[{"name":"wp","href":"https:\/\/api.w.org\/{rel}","templated":true}]}}