{"id":20051,"date":"2022-06-10T09:42:35","date_gmt":"2022-06-10T09:42:35","guid":{"rendered":"https:\/\/steklarna-rogaska.si\/?post_type=product&#038;p=20051"},"modified":"2026-04-20T08:31:03","modified_gmt":"2026-04-20T08:31:03","slug":"vinski-set-wine-time-3-v-1-odpirac-zapirac-obrocek","status":"publish","type":"product","link":"https:\/\/steklarna-rogaska.si\/ru\/product\/vinski-set-wine-time-3-v-1-odpirac-zapirac-obrocek\/","title":{"rendered":"VINSKI SET &#8211; WINE TIME 3 V 1 (ODPIRA\u010c, ZAPIRA\u010c, OBRO\u010cEK)"},"content":{"rendered":"<p>Dopolnite svoj vinski koti\u010dek s setom &#8221;WINE TIME ROGA\u0160KA&#8221;, ki ga potrebuje vsak vinoljub.<\/p>\n<p>Set je sestavljen iz:<\/p>\n<ul>\n<li>vrhunskega zapira\u010da za penine in mirna vina s patentirano tehnologijo \u0161tirih lamel, ki prepre\u010duje izhajanje ogljikovih bisernic iz penine. Zapira\u010d je prakti\u010den in ergonomski, saj omogo\u010da odpiranje in zapiranje steklenice z eno roko.<\/li>\n<li>dvostopenjskega odpira\u010da za steklenice s teflonizirano spiralo in rezilom za folijo.<\/li>\n<li>obro\u010da z vpojno tkanino, ki zadr\u017ei pocejanje po steklenici.<\/li>\n<\/ul>\n<p>Gravura na izdelek ni mo\u017ena!<\/p>\n<p>&nbsp;<\/p>\n","protected":false},"excerpt":{"rendered":"<p>Dopolnite svoj vinski koti\u010dek s setom &#8221;WINE TIME ROGA\u0160KA&#8221;, ki ga potrebuje vsak vinoljub. Set je sestavljen iz: vrhunskega zapira\u010da za penine in mirna vina [&hellip;]<\/p>\n","protected":false},"featured_media":20054,"comment_status":"open","ping_status":"open","template":"","meta":[],"product_brand":[],"product_cat":[919,996,284,914],"product_tag":[],"class_list":{"0":"post-20051","1":"product","2":"type-product","3":"status-publish","4":"has-post-thumbnail","6":"product_cat-poslovna-darila","7":"product_cat-praznicna-ponudba","8":"product_cat-vinski-program-default-group","9":"product_cat-dodatki","11":"first","12":"outofstock","13":"shipping-taxable","14":"purchasable","15":"product-type-simple"},"_links":{"self":[{"href":"https:\/\/steklarna-rogaska.si\/ru\/wp-json\/wp\/v2\/product\/20051","targetHints":{"allow":["GET"]}}],"collection":[{"href":"https:\/\/steklarna-rogaska.si\/ru\/wp-json\/wp\/v2\/product"}],"about":[{"href":"https:\/\/steklarna-rogaska.si\/ru\/wp-json\/wp\/v2\/types\/product"}],"replies":[{"embeddable":true,"href":"https:\/\/steklarna-rogaska.si\/ru\/wp-json\/wp\/v2\/comments?post=20051"}],"wp:featuredmedia":[{"embeddable":true,"href":"https:\/\/steklarna-rogaska.si\/ru\/wp-json\/wp\/v2\/media\/20054"}],"wp:attachment":[{"href":"https:\/\/steklarna-rogaska.si\/ru\/wp-json\/wp\/v2\/media?parent=20051"}],"wp:term":[{"taxonomy":"product_brand","embeddable":true,"href":"https:\/\/steklarna-rogaska.si\/ru\/wp-json\/wp\/v2\/product_brand?post=20051"},{"taxonomy":"product_cat","embeddable":true,"href":"https:\/\/steklarna-rogaska.si\/ru\/wp-json\/wp\/v2\/product_cat?post=20051"},{"taxonomy":"product_tag","embeddable":true,"href":"https:\/\/steklarna-rogaska.si\/ru\/wp-json\/wp\/v2\/product_tag?post=20051"}],"curies":[{"name":"wp","href":"https:\/\/api.w.org\/{rel}","templated":true}]}}