{"id":17274,"date":"2022-02-18T12:14:53","date_gmt":"2022-02-18T12:14:53","guid":{"rendered":"https:\/\/steklarna-rogaska.si\/?post_type=product&#038;p=17274"},"modified":"2026-04-13T13:02:44","modified_gmt":"2026-04-13T13:02:44","slug":"superior-votive-svecnik-120031","status":"publish","type":"product","link":"https:\/\/steklarna-rogaska.si\/ru\/product\/superior-votive-svecnik-120031\/","title":{"rendered":"VOTIV ZA \u010cAJNO SVE\u010cO &#8211; SUPERIOR &#8211; kos"},"content":{"rendered":"<p>vi\u0161ina = 70 mm<br \/>\n\u0161irina = 95 mm<br \/>\nte\u017ea = 1,1 kg<\/p>\n","protected":false},"excerpt":{"rendered":"<p>vi\u0161ina = 70 mm \u0161irina = 95 mm te\u017ea = 1,1 kg<\/p>\n","protected":false},"featured_media":5439,"comment_status":"open","ping_status":"open","template":"","meta":[],"product_brand":[],"product_cat":[953,955,916,921,923,919,996],"product_tag":[424,869,1214],"class_list":{"0":"post-17274","1":"product","2":"type-product","3":"status-publish","4":"has-post-thumbnail","6":"product_cat-bozicna-dekoracija","7":"product_cat-dekorativni-dodatki","8":"product_cat-darilni-program-2","9":"product_cat-darila-zanjo","10":"product_cat-drobne-pozornosti","11":"product_cat-poslovna-darila","12":"product_cat-praznicna-ponudba","13":"product_tag-superior","14":"product_tag-svecnik","15":"product_tag-votive","17":"first","18":"instock","19":"shipping-taxable","20":"purchasable","21":"product-type-simple"},"_links":{"self":[{"href":"https:\/\/steklarna-rogaska.si\/ru\/wp-json\/wp\/v2\/product\/17274","targetHints":{"allow":["GET"]}}],"collection":[{"href":"https:\/\/steklarna-rogaska.si\/ru\/wp-json\/wp\/v2\/product"}],"about":[{"href":"https:\/\/steklarna-rogaska.si\/ru\/wp-json\/wp\/v2\/types\/product"}],"replies":[{"embeddable":true,"href":"https:\/\/steklarna-rogaska.si\/ru\/wp-json\/wp\/v2\/comments?post=17274"}],"wp:featuredmedia":[{"embeddable":true,"href":"https:\/\/steklarna-rogaska.si\/ru\/wp-json\/wp\/v2\/media\/5439"}],"wp:attachment":[{"href":"https:\/\/steklarna-rogaska.si\/ru\/wp-json\/wp\/v2\/media?parent=17274"}],"wp:term":[{"taxonomy":"product_brand","embeddable":true,"href":"https:\/\/steklarna-rogaska.si\/ru\/wp-json\/wp\/v2\/product_brand?post=17274"},{"taxonomy":"product_cat","embeddable":true,"href":"https:\/\/steklarna-rogaska.si\/ru\/wp-json\/wp\/v2\/product_cat?post=17274"},{"taxonomy":"product_tag","embeddable":true,"href":"https:\/\/steklarna-rogaska.si\/ru\/wp-json\/wp\/v2\/product_tag?post=17274"}],"curies":[{"name":"wp","href":"https:\/\/api.w.org\/{rel}","templated":true}]}}