{"id":17202,"date":"2022-02-18T11:12:12","date_gmt":"2022-02-18T11:12:12","guid":{"rendered":"https:\/\/steklarna-rogaska.si\/?post_type=product&#038;p=17202"},"modified":"2026-04-14T05:01:51","modified_gmt":"2026-04-14T05:01:51","slug":"hg-vrc-125-l","status":"publish","type":"product","link":"https:\/\/steklarna-rogaska.si\/ru\/product\/hg-vrc-125-l\/","title":{"rendered":"VR\u010c &#8211; HG &#8211; kos"},"content":{"rendered":"<p>vi\u0161ina = 220 mm \u0161irina = 142 mm<\/p>\n","protected":false},"excerpt":{"rendered":"<p>vi\u0161ina = 220 mm \u0161irina = 142 mm<\/p>\n","protected":false},"featured_media":17266,"comment_status":"open","ping_status":"open","template":"","meta":[],"product_brand":[],"product_cat":[906],"product_tag":[1203,442,454,463,467],"class_list":{"0":"post-17202","1":"product","2":"type-product","3":"status-publish","4":"has-post-thumbnail","6":"product_cat-kozarci-za-konjak","7":"product_tag-hg","8":"product_tag-praznicna-darila","9":"product_tag-za-rdece-vino","10":"product_tag-za-vino","11":"product_tag-za-vodo","13":"first","14":"outofstock","15":"shipping-taxable","16":"purchasable","17":"product-type-simple"},"_links":{"self":[{"href":"https:\/\/steklarna-rogaska.si\/ru\/wp-json\/wp\/v2\/product\/17202","targetHints":{"allow":["GET"]}}],"collection":[{"href":"https:\/\/steklarna-rogaska.si\/ru\/wp-json\/wp\/v2\/product"}],"about":[{"href":"https:\/\/steklarna-rogaska.si\/ru\/wp-json\/wp\/v2\/types\/product"}],"replies":[{"embeddable":true,"href":"https:\/\/steklarna-rogaska.si\/ru\/wp-json\/wp\/v2\/comments?post=17202"}],"wp:featuredmedia":[{"embeddable":true,"href":"https:\/\/steklarna-rogaska.si\/ru\/wp-json\/wp\/v2\/media\/17266"}],"wp:attachment":[{"href":"https:\/\/steklarna-rogaska.si\/ru\/wp-json\/wp\/v2\/media?parent=17202"}],"wp:term":[{"taxonomy":"product_brand","embeddable":true,"href":"https:\/\/steklarna-rogaska.si\/ru\/wp-json\/wp\/v2\/product_brand?post=17202"},{"taxonomy":"product_cat","embeddable":true,"href":"https:\/\/steklarna-rogaska.si\/ru\/wp-json\/wp\/v2\/product_cat?post=17202"},{"taxonomy":"product_tag","embeddable":true,"href":"https:\/\/steklarna-rogaska.si\/ru\/wp-json\/wp\/v2\/product_tag?post=17202"}],"curies":[{"name":"wp","href":"https:\/\/api.w.org\/{rel}","templated":true}]}}