{"id":15880,"date":"2022-01-24T08:22:01","date_gmt":"2022-01-24T08:22:01","guid":{"rendered":"https:\/\/steklarna-rogaska.si\/?post_type=product&#038;p=15880"},"modified":"2026-04-13T08:28:51","modified_gmt":"2026-04-13T08:28:51","slug":"ellen-degeneres-skodelica-za-caj-belo-kavo-bela-macka-475-ml","status":"publish","type":"product","link":"https:\/\/steklarna-rogaska.si\/ru\/product\/ellen-degeneres-skodelica-za-caj-belo-kavo-bela-macka-475-ml\/","title":{"rendered":"SKODELICA ZA \u010cAJ\/ BELO KAVO &#8211; BELA &#8211; MA\u010cKA  (475 ML) &#8211; ELEN DEGENERES ROYAL DOULTON &#8211; kos"},"content":{"rendered":"<p>\u010ce ste ljubitelj ma\u010dkov oz. poznate koga, ki neizmerno obo\u017euje \u0161tirino\u017ene prijatelje, potem je skodelica, ki jo je za Royal Doulton dizajnirala Ellen Degeneres, prav\u0161nja.<\/p>\n<p>Skodelica je narejena iz pocelana in jo lahko perete v pomivalnem stroju in koristite tudi v mikrovalovni pe\u010dici.<\/p>\n","protected":false},"excerpt":{"rendered":"<p>\u010ce ste ljubitelj ma\u010dkov oz. poznate koga, ki neizmerno obo\u017euje \u0161tirino\u017ene prijatelje, potem je skodelica, ki jo je za Royal Doulton dizajnirala Ellen Degeneres, prav\u0161nja. [&hellip;]<\/p>\n","protected":false},"featured_media":15881,"comment_status":"open","ping_status":"open","template":"","meta":[],"product_brand":[],"product_cat":[960,963],"product_tag":[1187,811,1173],"class_list":{"0":"post-15880","1":"product","2":"type-product","3":"status-publish","4":"has-post-thumbnail","6":"product_cat-porcelan-2","7":"product_cat-skodelice","8":"product_tag-porcelan-royal-doulton","9":"product_tag-royal-doulton","10":"product_tag-skodelica-za-kavo","12":"first","13":"outofstock","14":"shipping-taxable","15":"purchasable","16":"product-type-simple"},"_links":{"self":[{"href":"https:\/\/steklarna-rogaska.si\/ru\/wp-json\/wp\/v2\/product\/15880","targetHints":{"allow":["GET"]}}],"collection":[{"href":"https:\/\/steklarna-rogaska.si\/ru\/wp-json\/wp\/v2\/product"}],"about":[{"href":"https:\/\/steklarna-rogaska.si\/ru\/wp-json\/wp\/v2\/types\/product"}],"replies":[{"embeddable":true,"href":"https:\/\/steklarna-rogaska.si\/ru\/wp-json\/wp\/v2\/comments?post=15880"}],"wp:featuredmedia":[{"embeddable":true,"href":"https:\/\/steklarna-rogaska.si\/ru\/wp-json\/wp\/v2\/media\/15881"}],"wp:attachment":[{"href":"https:\/\/steklarna-rogaska.si\/ru\/wp-json\/wp\/v2\/media?parent=15880"}],"wp:term":[{"taxonomy":"product_brand","embeddable":true,"href":"https:\/\/steklarna-rogaska.si\/ru\/wp-json\/wp\/v2\/product_brand?post=15880"},{"taxonomy":"product_cat","embeddable":true,"href":"https:\/\/steklarna-rogaska.si\/ru\/wp-json\/wp\/v2\/product_cat?post=15880"},{"taxonomy":"product_tag","embeddable":true,"href":"https:\/\/steklarna-rogaska.si\/ru\/wp-json\/wp\/v2\/product_tag?post=15880"}],"curies":[{"name":"wp","href":"https:\/\/api.w.org\/{rel}","templated":true}]}}