{"id":15826,"date":"2022-01-21T15:04:44","date_gmt":"2022-01-21T15:04:44","guid":{"rendered":"https:\/\/steklarna-rogaska.si\/?post_type=product&#038;p=15826"},"modified":"2026-04-20T08:28:17","modified_gmt":"2026-04-20T08:28:17","slug":"ellen-degeneres-skodelica-za-caj-belo-kavo-bela-love-475-ml","status":"publish","type":"product","link":"https:\/\/steklarna-rogaska.si\/ru\/product\/ellen-degeneres-skodelica-za-caj-belo-kavo-bela-love-475-ml\/","title":{"rendered":"SKODELICA ZA \u010cAJ\/ BELO KAVO &#8211; BELA &#8211; LOVE (475 ML) &#8211; ELEN DEGENERES ROYAL DOULTON &#8211; kos"},"content":{"rendered":"<p>Beseda Ljubezen (LOVE) je najpriljubljenej\u0161a beseda ustvarjalke te kolekcije, priljubljene TV voditeljice Ellen DeGeneres. Prepri\u010dani smo da skodelica v\u0161e\u010d tudi vam.<\/p>\n<p>Skodelica je narejena iz pocelana in jo lahko perete v pomivalnem stroju in korisitite v mikrovalovni pe\u010dici.<\/p>\n","protected":false},"excerpt":{"rendered":"<p>Beseda Ljubezen (LOVE) je najpriljubljenej\u0161a beseda ustvarjalke te kolekcije, priljubljene TV voditeljice Ellen DeGeneres. Prepri\u010dani smo da skodelica v\u0161e\u010d tudi vam. Skodelica je narejena iz [&hellip;]<\/p>\n","protected":false},"featured_media":15827,"comment_status":"open","ping_status":"open","template":"","meta":[],"product_brand":[],"product_cat":[960,963],"product_tag":[993,1184,1168,813,1173],"class_list":{"0":"post-15826","1":"product","2":"type-product","3":"status-publish","4":"has-post-thumbnail","6":"product_cat-porcelan-2","7":"product_cat-skodelice","8":"product_tag-darilo","9":"product_tag-darilo-za-valentinovo","10":"product_tag-porcelan","11":"product_tag-skodelica-za-caj","12":"product_tag-skodelica-za-kavo","14":"first","15":"outofstock","16":"shipping-taxable","17":"purchasable","18":"product-type-simple"},"_links":{"self":[{"href":"https:\/\/steklarna-rogaska.si\/ru\/wp-json\/wp\/v2\/product\/15826","targetHints":{"allow":["GET"]}}],"collection":[{"href":"https:\/\/steklarna-rogaska.si\/ru\/wp-json\/wp\/v2\/product"}],"about":[{"href":"https:\/\/steklarna-rogaska.si\/ru\/wp-json\/wp\/v2\/types\/product"}],"replies":[{"embeddable":true,"href":"https:\/\/steklarna-rogaska.si\/ru\/wp-json\/wp\/v2\/comments?post=15826"}],"wp:featuredmedia":[{"embeddable":true,"href":"https:\/\/steklarna-rogaska.si\/ru\/wp-json\/wp\/v2\/media\/15827"}],"wp:attachment":[{"href":"https:\/\/steklarna-rogaska.si\/ru\/wp-json\/wp\/v2\/media?parent=15826"}],"wp:term":[{"taxonomy":"product_brand","embeddable":true,"href":"https:\/\/steklarna-rogaska.si\/ru\/wp-json\/wp\/v2\/product_brand?post=15826"},{"taxonomy":"product_cat","embeddable":true,"href":"https:\/\/steklarna-rogaska.si\/ru\/wp-json\/wp\/v2\/product_cat?post=15826"},{"taxonomy":"product_tag","embeddable":true,"href":"https:\/\/steklarna-rogaska.si\/ru\/wp-json\/wp\/v2\/product_tag?post=15826"}],"curies":[{"name":"wp","href":"https:\/\/api.w.org\/{rel}","templated":true}]}}