{"id":15342,"date":"2021-12-02T11:44:18","date_gmt":"2021-12-02T11:44:18","guid":{"rendered":"https:\/\/steklarna-rogaska.si\/?post_type=product&#038;p=15342"},"modified":"2026-04-13T08:27:55","modified_gmt":"2026-04-13T08:27:55","slug":"1815-brights-skodelica-mala-set-4-royal-doulton","status":"publish","type":"product","link":"https:\/\/steklarna-rogaska.si\/ru\/product\/1815-brights-skodelica-mala-set-4-royal-doulton\/","title":{"rendered":"SKODELICA MALA &#8211; 1815 BRIGHTS ROYAL DOULTON &#8211; set 4 kos"},"content":{"rendered":"<p>Kolekcija 1815 je bila ustvarjenja v spomin ustanovitelju Johnu Doultonu. \u010cudoviti barvni odtenki na izdelkih ustvarjijo prijeten ambient ob ve\u010derji s prijatelji in dru\u017eino.<\/p>\n<p>Skodelice so primerne za postre\u017ebo \u010daja, kave ali vro\u010de \u010dokolade. Skodelice so poslikane in narejene iz obstojnega porcelana.<\/p>\n<p>Primerne so uporabo v mikrovalovni pe\u010dici ali pranju v pomivalnem stroju.<\/p>\n<p>Artikel je del kolekcije Brights 1815.<\/p>\n<p>&nbsp;<\/p>\n<p>Dimenzije:<\/p>\n<p>\u0160: 14 cm, V: 10 cm,\u00a0Te\u017ea: 1470 g, Volumen: 400 ml<\/p>\n","protected":false},"excerpt":{"rendered":"<p>Kolekcija 1815 je bila ustvarjenja v spomin ustanovitelju Johnu Doultonu. \u010cudoviti barvni odtenki na izdelkih ustvarjijo prijeten ambient ob ve\u010derji s prijatelji in dru\u017eino. Skodelice [&hellip;]<\/p>\n","protected":false},"featured_media":15307,"comment_status":"open","ping_status":"open","template":"","meta":[],"product_brand":[],"product_cat":[960,1277,963],"product_tag":[1165,1168,811,1167,1166],"class_list":{"0":"post-15342","1":"product","2":"type-product","3":"status-publish","4":"has-post-thumbnail","6":"product_cat-porcelan-2","7":"product_cat-royal-doulton-1815","8":"product_cat-skodelice","9":"product_tag-brights-1815","10":"product_tag-porcelan","11":"product_tag-royal-doulton","12":"product_tag-skodelice-za-caj","13":"product_tag-skodelice-za-kavo","15":"first","16":"outofstock","17":"shipping-taxable","18":"purchasable","19":"product-type-simple"},"_links":{"self":[{"href":"https:\/\/steklarna-rogaska.si\/ru\/wp-json\/wp\/v2\/product\/15342","targetHints":{"allow":["GET"]}}],"collection":[{"href":"https:\/\/steklarna-rogaska.si\/ru\/wp-json\/wp\/v2\/product"}],"about":[{"href":"https:\/\/steklarna-rogaska.si\/ru\/wp-json\/wp\/v2\/types\/product"}],"replies":[{"embeddable":true,"href":"https:\/\/steklarna-rogaska.si\/ru\/wp-json\/wp\/v2\/comments?post=15342"}],"wp:featuredmedia":[{"embeddable":true,"href":"https:\/\/steklarna-rogaska.si\/ru\/wp-json\/wp\/v2\/media\/15307"}],"wp:attachment":[{"href":"https:\/\/steklarna-rogaska.si\/ru\/wp-json\/wp\/v2\/media?parent=15342"}],"wp:term":[{"taxonomy":"product_brand","embeddable":true,"href":"https:\/\/steklarna-rogaska.si\/ru\/wp-json\/wp\/v2\/product_brand?post=15342"},{"taxonomy":"product_cat","embeddable":true,"href":"https:\/\/steklarna-rogaska.si\/ru\/wp-json\/wp\/v2\/product_cat?post=15342"},{"taxonomy":"product_tag","embeddable":true,"href":"https:\/\/steklarna-rogaska.si\/ru\/wp-json\/wp\/v2\/product_tag?post=15342"}],"curies":[{"name":"wp","href":"https:\/\/api.w.org\/{rel}","templated":true}]}}