{"id":14922,"date":"2021-11-19T09:36:51","date_gmt":"2021-11-19T09:36:51","guid":{"rendered":"https:\/\/steklarna-rogaska.si\/?post_type=product&#038;p=14922"},"modified":"2026-04-20T07:02:32","modified_gmt":"2026-04-20T07:02:32","slug":"crown-jewel-caj-za-dva-darilni-set-2-skodelici-in-caj-wedgwood","status":"publish","type":"product","link":"https:\/\/steklarna-rogaska.si\/ru\/product\/crown-jewel-caj-za-dva-darilni-set-2-skodelici-in-caj-wedgwood\/","title":{"rendered":"DARILNI SET \u010cAJ ZA DVA &#8211; 2 SKODELICI ZA \u010cAJ IN \u010cAJ WEDGWOOD &#8211; CROWN JEWEL &#8211; set 2 kos"},"content":{"rendered":"<p>Darilni set \u201d\u010daj za dva\u201d vsebuje dve kristalni skodelici za \u010daj in paket \u010dajev Wedgwood (12 vre\u010dk). Z darilnim paketom boste razveselili slehernega ljubitelja \u010dajev, saj je u\u017eitek ob pitju vrhunskega \u010daja iz kristalnih skodelic zares navdu\u0161ujo\u010d.<\/p>\n","protected":false},"excerpt":{"rendered":"<p>Darilni set \u201d\u010daj za dva\u201d vsebuje dve kristalni skodelici za \u010daj in paket \u010dajev Wedgwood (12 vre\u010dk). Z darilnim paketom boste razveselili slehernega ljubitelja \u010dajev, [&hellip;]<\/p>\n","protected":false},"featured_media":20851,"comment_status":"open","ping_status":"closed","template":"","meta":[],"product_brand":[],"product_cat":[916,919,996,956,958],"product_tag":[1029,1135,384,1136,1134,485,442,1125],"class_list":{"0":"post-14922","1":"product","2":"type-product","3":"status-publish","4":"has-post-thumbnail","6":"product_cat-darilni-program-2","7":"product_cat-poslovna-darila","8":"product_cat-praznicna-ponudba","9":"product_cat-skodelice-za-caj-kavo-sladoled","10":"product_cat-skodelice-za-caj","11":"product_tag-bozicno-darilo","12":"product_tag-caj","13":"product_tag-crown-jewel","14":"product_tag-darila-za-rojstni-dan","15":"product_tag-ideje-za-darila","16":"product_tag-poslovna-darila","17":"product_tag-praznicna-darila","18":"product_tag-wedgwood","20":"first","21":"outofstock","22":"shipping-taxable","23":"purchasable","24":"product-type-simple"},"_links":{"self":[{"href":"https:\/\/steklarna-rogaska.si\/ru\/wp-json\/wp\/v2\/product\/14922","targetHints":{"allow":["GET"]}}],"collection":[{"href":"https:\/\/steklarna-rogaska.si\/ru\/wp-json\/wp\/v2\/product"}],"about":[{"href":"https:\/\/steklarna-rogaska.si\/ru\/wp-json\/wp\/v2\/types\/product"}],"replies":[{"embeddable":true,"href":"https:\/\/steklarna-rogaska.si\/ru\/wp-json\/wp\/v2\/comments?post=14922"}],"wp:featuredmedia":[{"embeddable":true,"href":"https:\/\/steklarna-rogaska.si\/ru\/wp-json\/wp\/v2\/media\/20851"}],"wp:attachment":[{"href":"https:\/\/steklarna-rogaska.si\/ru\/wp-json\/wp\/v2\/media?parent=14922"}],"wp:term":[{"taxonomy":"product_brand","embeddable":true,"href":"https:\/\/steklarna-rogaska.si\/ru\/wp-json\/wp\/v2\/product_brand?post=14922"},{"taxonomy":"product_cat","embeddable":true,"href":"https:\/\/steklarna-rogaska.si\/ru\/wp-json\/wp\/v2\/product_cat?post=14922"},{"taxonomy":"product_tag","embeddable":true,"href":"https:\/\/steklarna-rogaska.si\/ru\/wp-json\/wp\/v2\/product_tag?post=14922"}],"curies":[{"name":"wp","href":"https:\/\/api.w.org\/{rel}","templated":true}]}}