{"id":14326,"date":"2021-10-12T07:21:42","date_gmt":"2021-10-12T07:21:42","guid":{"rendered":"https:\/\/steklarna-rogaska.si\/?post_type=product&#038;p=14326"},"modified":"2026-04-13T08:31:02","modified_gmt":"2026-04-13T08:31:02","slug":"stojalo-za-dekanter","status":"publish","type":"product","link":"https:\/\/steklarna-rogaska.si\/ru\/product\/stojalo-za-dekanter\/","title":{"rendered":"STOJALO ZA VINSKI DEKANTER"},"content":{"rendered":"<p>Stojalo je namenjeno su\u0161enju vinskega dekanterja. Odve\u010dna voda iz dekanterja se bo odcedila na lesen podstavek. Kakovostni materiali so odporni na rjo. Gumijasta kapica na vrhu palice prepre\u010duje po\u0161kodbe na steklu. Stojalo je zelo prakti\u010dno za uporabo in osu\u0161itev dekanterja.<\/p>\n<p>Primerno za dom, bar, hotele in restavracije.<\/p>\n<p>Vi\u0161ina:32 cm; \u0161irina 15,5 cm<\/p>\n","protected":false},"excerpt":{"rendered":"<p>Stojalo je namenjeno su\u0161enju vinskega dekanterja. Odve\u010dna voda iz dekanterja se bo odcedila na lesen podstavek. Kakovostni materiali so odporni na rjo. Gumijasta kapica na [&hellip;]<\/p>\n","protected":false},"featured_media":14333,"comment_status":"open","ping_status":"open","template":"","meta":[],"product_brand":[],"product_cat":[914],"product_tag":[],"class_list":{"0":"post-14326","1":"product","2":"type-product","3":"status-publish","4":"has-post-thumbnail","6":"product_cat-dodatki","8":"first","9":"outofstock","10":"shipping-taxable","11":"purchasable","12":"product-type-simple"},"_links":{"self":[{"href":"https:\/\/steklarna-rogaska.si\/ru\/wp-json\/wp\/v2\/product\/14326","targetHints":{"allow":["GET"]}}],"collection":[{"href":"https:\/\/steklarna-rogaska.si\/ru\/wp-json\/wp\/v2\/product"}],"about":[{"href":"https:\/\/steklarna-rogaska.si\/ru\/wp-json\/wp\/v2\/types\/product"}],"replies":[{"embeddable":true,"href":"https:\/\/steklarna-rogaska.si\/ru\/wp-json\/wp\/v2\/comments?post=14326"}],"wp:featuredmedia":[{"embeddable":true,"href":"https:\/\/steklarna-rogaska.si\/ru\/wp-json\/wp\/v2\/media\/14333"}],"wp:attachment":[{"href":"https:\/\/steklarna-rogaska.si\/ru\/wp-json\/wp\/v2\/media?parent=14326"}],"wp:term":[{"taxonomy":"product_brand","embeddable":true,"href":"https:\/\/steklarna-rogaska.si\/ru\/wp-json\/wp\/v2\/product_brand?post=14326"},{"taxonomy":"product_cat","embeddable":true,"href":"https:\/\/steklarna-rogaska.si\/ru\/wp-json\/wp\/v2\/product_cat?post=14326"},{"taxonomy":"product_tag","embeddable":true,"href":"https:\/\/steklarna-rogaska.si\/ru\/wp-json\/wp\/v2\/product_tag?post=14326"}],"curies":[{"name":"wp","href":"https:\/\/api.w.org\/{rel}","templated":true}]}}