{"id":10824,"date":"2020-10-30T11:52:11","date_gmt":"2020-10-30T11:52:11","guid":{"rendered":"https:\/\/steklarna-rogaska.si\/?post_type=product&#038;p=10824"},"modified":"2026-04-13T06:43:05","modified_gmt":"2026-04-13T06:43:05","slug":"obesek-ornament-radiant-star","status":"publish","type":"product","link":"https:\/\/steklarna-rogaska.si\/ru\/product\/obesek-ornament-radiant-star\/","title":{"rendered":"OKRASEK ZA JELKO &#8211; SNE\u017dINKA &#8211; ORNAMENT &#8211; kos"},"content":{"rendered":"<p>Naj majhna kristalna pozornost postane dragocen spomin na prazni\u010den \u010das. Kristalni okraski na novoletni jelki bodo ustvarili \u010dudoviti preplet prazni\u010dnih lu\u010dk in ostalih barvnih okraskov.<\/p>\n<p>v=85mm<\/p>\n<p>\u0161=72mm<\/p>\n<p>&nbsp;<\/p>\n","protected":false},"excerpt":{"rendered":"<p>Naj majhna kristalna pozornost postane dragocen spomin na prazni\u010den \u010das. Kristalni okraski na novoletni jelki bodo ustvarili \u010dudoviti preplet prazni\u010dnih lu\u010dk in ostalih barvnih okraskov. [&hellip;]<\/p>\n","protected":false},"featured_media":10766,"comment_status":"open","ping_status":"open","template":"","meta":[],"product_brand":[],"product_cat":[953,954,916,923,919,996],"product_tag":[806,807,485,442,300],"class_list":{"0":"post-10824","1":"product","2":"type-product","3":"status-publish","4":"has-post-thumbnail","6":"product_cat-bozicna-dekoracija","7":"product_cat-okraski-za-jelko","8":"product_cat-darilni-program-2","9":"product_cat-drobne-pozornosti","10":"product_cat-poslovna-darila","11":"product_cat-praznicna-ponudba","12":"product_tag-obesek","13":"product_tag-ornament","14":"product_tag-poslovna-darila","15":"product_tag-praznicna-darila","16":"product_tag-radiant-star","18":"first","19":"instock","20":"shipping-taxable","21":"purchasable","22":"product-type-simple"},"_links":{"self":[{"href":"https:\/\/steklarna-rogaska.si\/ru\/wp-json\/wp\/v2\/product\/10824","targetHints":{"allow":["GET"]}}],"collection":[{"href":"https:\/\/steklarna-rogaska.si\/ru\/wp-json\/wp\/v2\/product"}],"about":[{"href":"https:\/\/steklarna-rogaska.si\/ru\/wp-json\/wp\/v2\/types\/product"}],"replies":[{"embeddable":true,"href":"https:\/\/steklarna-rogaska.si\/ru\/wp-json\/wp\/v2\/comments?post=10824"}],"wp:featuredmedia":[{"embeddable":true,"href":"https:\/\/steklarna-rogaska.si\/ru\/wp-json\/wp\/v2\/media\/10766"}],"wp:attachment":[{"href":"https:\/\/steklarna-rogaska.si\/ru\/wp-json\/wp\/v2\/media?parent=10824"}],"wp:term":[{"taxonomy":"product_brand","embeddable":true,"href":"https:\/\/steklarna-rogaska.si\/ru\/wp-json\/wp\/v2\/product_brand?post=10824"},{"taxonomy":"product_cat","embeddable":true,"href":"https:\/\/steklarna-rogaska.si\/ru\/wp-json\/wp\/v2\/product_cat?post=10824"},{"taxonomy":"product_tag","embeddable":true,"href":"https:\/\/steklarna-rogaska.si\/ru\/wp-json\/wp\/v2\/product_tag?post=10824"}],"curies":[{"name":"wp","href":"https:\/\/api.w.org\/{rel}","templated":true}]}}