{"id":10823,"date":"2020-10-30T11:48:44","date_gmt":"2020-10-30T11:48:44","guid":{"rendered":"https:\/\/steklarna-rogaska.si\/?post_type=product&#038;p=10823"},"modified":"2026-04-13T06:43:09","modified_gmt":"2026-04-13T06:43:09","slug":"obesek-ornament-bright-star","status":"publish","type":"product","link":"https:\/\/steklarna-rogaska.si\/ru\/product\/obesek-ornament-bright-star\/","title":{"rendered":"OKRASEK ZA JELKO &#8211; SNE\u017dINKA &#8211; ORNAMENT &#8211; kos"},"content":{"rendered":"<p>Naj majhna kristalna pozornost postane dragocen spomin na prazni\u010den \u010das. Kristalni okraski na novoletni jelki bodo ustvarili \u010dudoviti preplet prazni\u010dnih lu\u010dk in ostalih barvnih okraskov.<\/p>\n<p>v=80mm \u0161=70mm<\/p>\n<p>&nbsp;<\/p>\n","protected":false},"excerpt":{"rendered":"<p>Naj majhna kristalna pozornost postane dragocen spomin na prazni\u010den \u010das. Kristalni okraski na novoletni jelki bodo ustvarili \u010dudoviti preplet prazni\u010dnih lu\u010dk in ostalih barvnih okraskov. [&hellip;]<\/p>\n","protected":false},"featured_media":10769,"comment_status":"open","ping_status":"closed","template":"","meta":[],"product_brand":[],"product_cat":[953,954,916,923,919,996],"product_tag":[806,805,485,442],"class_list":{"0":"post-10823","1":"product","2":"type-product","3":"status-publish","4":"has-post-thumbnail","6":"product_cat-bozicna-dekoracija","7":"product_cat-okraski-za-jelko","8":"product_cat-darilni-program-2","9":"product_cat-drobne-pozornosti","10":"product_cat-poslovna-darila","11":"product_cat-praznicna-ponudba","12":"product_tag-obesek","13":"product_tag-ornament-bright-star","14":"product_tag-poslovna-darila","15":"product_tag-praznicna-darila","17":"first","18":"instock","19":"shipping-taxable","20":"purchasable","21":"product-type-simple"},"_links":{"self":[{"href":"https:\/\/steklarna-rogaska.si\/ru\/wp-json\/wp\/v2\/product\/10823","targetHints":{"allow":["GET"]}}],"collection":[{"href":"https:\/\/steklarna-rogaska.si\/ru\/wp-json\/wp\/v2\/product"}],"about":[{"href":"https:\/\/steklarna-rogaska.si\/ru\/wp-json\/wp\/v2\/types\/product"}],"replies":[{"embeddable":true,"href":"https:\/\/steklarna-rogaska.si\/ru\/wp-json\/wp\/v2\/comments?post=10823"}],"wp:featuredmedia":[{"embeddable":true,"href":"https:\/\/steklarna-rogaska.si\/ru\/wp-json\/wp\/v2\/media\/10769"}],"wp:attachment":[{"href":"https:\/\/steklarna-rogaska.si\/ru\/wp-json\/wp\/v2\/media?parent=10823"}],"wp:term":[{"taxonomy":"product_brand","embeddable":true,"href":"https:\/\/steklarna-rogaska.si\/ru\/wp-json\/wp\/v2\/product_brand?post=10823"},{"taxonomy":"product_cat","embeddable":true,"href":"https:\/\/steklarna-rogaska.si\/ru\/wp-json\/wp\/v2\/product_cat?post=10823"},{"taxonomy":"product_tag","embeddable":true,"href":"https:\/\/steklarna-rogaska.si\/ru\/wp-json\/wp\/v2\/product_tag?post=10823"}],"curies":[{"name":"wp","href":"https:\/\/api.w.org\/{rel}","templated":true}]}}