{"id":10669,"date":"2025-05-21T05:36:58","date_gmt":"2025-05-21T05:36:58","guid":{"rendered":"https:\/\/steklarna-rogaska.si\/?post_type=product&#038;p=10669"},"modified":"2026-04-13T06:57:17","modified_gmt":"2026-04-13T06:57:17","slug":"square-svecnik-10-cm","status":"publish","type":"product","link":"https:\/\/steklarna-rogaska.si\/ru\/product\/square-svecnik-10-cm\/","title":{"rendered":"SVE\u010cNIK 10 CM &#8211; SQUARE &#8211; kos"},"content":{"rendered":"<p>vi\u0161ina = 100 mm \u0161irina = 90 mm te\u017ea = 0,85 kg<\/p>\n","protected":false},"excerpt":{"rendered":"<p>vi\u0161ina = 100 mm \u0161irina = 90 mm te\u017ea = 0,85 kg<\/p>\n","protected":false},"featured_media":10609,"comment_status":"open","ping_status":"closed","template":"","meta":[],"product_brand":[],"product_cat":[953,955,916,919,996,952],"product_tag":[485,442,317],"class_list":{"0":"post-10669","1":"product","2":"type-product","3":"status-publish","4":"has-post-thumbnail","6":"product_cat-bozicna-dekoracija","7":"product_cat-dekorativni-dodatki","8":"product_cat-darilni-program-2","9":"product_cat-poslovna-darila","10":"product_cat-praznicna-ponudba","11":"product_cat-svecnik","12":"product_tag-poslovna-darila","13":"product_tag-praznicna-darila","14":"product_tag-square","16":"first","17":"instock","18":"shipping-taxable","19":"purchasable","20":"product-type-simple"},"_links":{"self":[{"href":"https:\/\/steklarna-rogaska.si\/ru\/wp-json\/wp\/v2\/product\/10669","targetHints":{"allow":["GET"]}}],"collection":[{"href":"https:\/\/steklarna-rogaska.si\/ru\/wp-json\/wp\/v2\/product"}],"about":[{"href":"https:\/\/steklarna-rogaska.si\/ru\/wp-json\/wp\/v2\/types\/product"}],"replies":[{"embeddable":true,"href":"https:\/\/steklarna-rogaska.si\/ru\/wp-json\/wp\/v2\/comments?post=10669"}],"wp:featuredmedia":[{"embeddable":true,"href":"https:\/\/steklarna-rogaska.si\/ru\/wp-json\/wp\/v2\/media\/10609"}],"wp:attachment":[{"href":"https:\/\/steklarna-rogaska.si\/ru\/wp-json\/wp\/v2\/media?parent=10669"}],"wp:term":[{"taxonomy":"product_brand","embeddable":true,"href":"https:\/\/steklarna-rogaska.si\/ru\/wp-json\/wp\/v2\/product_brand?post=10669"},{"taxonomy":"product_cat","embeddable":true,"href":"https:\/\/steklarna-rogaska.si\/ru\/wp-json\/wp\/v2\/product_cat?post=10669"},{"taxonomy":"product_tag","embeddable":true,"href":"https:\/\/steklarna-rogaska.si\/ru\/wp-json\/wp\/v2\/product_tag?post=10669"}],"curies":[{"name":"wp","href":"https:\/\/api.w.org\/{rel}","templated":true}]}}