{"id":10316,"date":"2020-10-01T12:52:03","date_gmt":"2020-10-01T12:52:03","guid":{"rendered":"https:\/\/steklarna-rogaska.si\/?post_type=product&#038;p=10316"},"modified":"2026-04-14T05:13:13","modified_gmt":"2026-04-14T05:13:13","slug":"expert-y-kozarec-za-belo-vino-chardonnay-set-2","status":"publish","type":"product","link":"https:\/\/steklarna-rogaska.si\/ru\/product\/expert-y-kozarec-za-belo-vino-chardonnay-set-2\/","title":{"rendered":"KOZAREC ZA CHARDONAY &#8211; EXPERT-Y &#8211; set 2 kos"},"content":{"rendered":"<p>vi\u0161ina = 234 mm<\/p>\n<p>\u0161irina = 91 mm<\/p>\n<p>vol. 400 ml<\/p>\n","protected":false},"excerpt":{"rendered":"<p>Expert Y je novost v ponudbi strokovno zasnovanih vinskih kelihov. \u010ca\u0161e smo oblikovali tako, da lahko vino kar najbolje razvije in izrazi cvetico ter polnost okusa, obenem pa smo upo\u0161tevali sodobne smernice v oblikovanju. Popoln izbor za moderen \u017eivljenjski slog.<\/p>\n","protected":false},"featured_media":10277,"comment_status":"open","ping_status":"open","template":"","meta":[],"product_brand":[],"product_cat":[922,921,924,925,284,910],"product_tag":[405,977,972,973,442,971,976,461,463,467],"class_list":{"0":"post-10316","1":"product","2":"type-product","3":"status-publish","4":"has-post-thumbnail","6":"product_cat-darila-zanj","7":"product_cat-darila-zanjo","8":"product_cat-kozarci-2","9":"product_cat-kozarci-za-vino-2","10":"product_cat-vinski-program-default-group","11":"product_cat-kozarci-za-vino","12":"product_tag-expert-y","13":"product_tag-kelih-rogaska","14":"product_tag-kelih-za-vino","15":"product_tag-kozarec-za-vino","16":"product_tag-praznicna-darila","17":"product_tag-vinski-kelih","18":"product_tag-vinski-kozarec","19":"product_tag-za-belo-vino","20":"product_tag-za-vino","21":"product_tag-za-vodo","23":"first","24":"instock","25":"shipping-taxable","26":"purchasable","27":"product-type-simple"},"_links":{"self":[{"href":"https:\/\/steklarna-rogaska.si\/ru\/wp-json\/wp\/v2\/product\/10316","targetHints":{"allow":["GET"]}}],"collection":[{"href":"https:\/\/steklarna-rogaska.si\/ru\/wp-json\/wp\/v2\/product"}],"about":[{"href":"https:\/\/steklarna-rogaska.si\/ru\/wp-json\/wp\/v2\/types\/product"}],"replies":[{"embeddable":true,"href":"https:\/\/steklarna-rogaska.si\/ru\/wp-json\/wp\/v2\/comments?post=10316"}],"wp:featuredmedia":[{"embeddable":true,"href":"https:\/\/steklarna-rogaska.si\/ru\/wp-json\/wp\/v2\/media\/10277"}],"wp:attachment":[{"href":"https:\/\/steklarna-rogaska.si\/ru\/wp-json\/wp\/v2\/media?parent=10316"}],"wp:term":[{"taxonomy":"product_brand","embeddable":true,"href":"https:\/\/steklarna-rogaska.si\/ru\/wp-json\/wp\/v2\/product_brand?post=10316"},{"taxonomy":"product_cat","embeddable":true,"href":"https:\/\/steklarna-rogaska.si\/ru\/wp-json\/wp\/v2\/product_cat?post=10316"},{"taxonomy":"product_tag","embeddable":true,"href":"https:\/\/steklarna-rogaska.si\/ru\/wp-json\/wp\/v2\/product_tag?post=10316"}],"curies":[{"name":"wp","href":"https:\/\/api.w.org\/{rel}","templated":true}]}}