{"id":10310,"date":"2020-10-01T12:47:46","date_gmt":"2020-10-01T12:47:46","guid":{"rendered":"https:\/\/steklarna-rogaska.si\/?post_type=product&#038;p=10310"},"modified":"2026-04-14T05:13:24","modified_gmt":"2026-04-14T05:13:24","slug":"expert-y-crn-kelih-za-belo-vino-chardonnay-set-2","status":"publish","type":"product","link":"https:\/\/steklarna-rogaska.si\/ru\/product\/expert-y-crn-kelih-za-belo-vino-chardonnay-set-2\/","title":{"rendered":"KOZAREC ZA CHARDONAY \u010cRN &#8211; EXPERT-Y &#8211; set 2 kos"},"content":{"rendered":"<p>vi\u0161ina = 234 mm<\/p>\n<p>\u0161irina = 91 mm<\/p>\n<p>vol. 400 ml<\/p>\n","protected":false},"excerpt":{"rendered":"<p>Expert Y je novost v ponudbi strokovno zasnovanih vinskih kelihov. \u010ca\u0161e smo oblikovali tako, da lahko vino kar najbolje razvije in izrazi cvetico ter polnost okusa, obenem pa smo upo\u0161tevali sodobne smernice v oblikovanju. Popoln izbor za moderen \u017eivljenjski slog.<\/p>\n<p>Izku\u0161nje pri degustiranju vina s \u010drnimi kozarci &#8220;Expert Y&#8221; so obogatene s pridihom skrivnosti &#8211; zana\u0161ati se je treba le na svoje brbon\u010dice in voh, pri \u010demer odkrivate arome vina v popolnoma novi lu\u010di.<\/p>\n","protected":false},"featured_media":10289,"comment_status":"open","ping_status":"open","template":"","meta":[],"product_brand":[],"product_cat":[924,925,284,910],"product_tag":[405,977,972,973,441,971,976,461,463],"class_list":{"0":"post-10310","1":"product","2":"type-product","3":"status-publish","4":"has-post-thumbnail","6":"product_cat-kozarci-2","7":"product_cat-kozarci-za-vino-2","8":"product_cat-vinski-program-default-group","9":"product_cat-kozarci-za-vino","10":"product_tag-expert-y","11":"product_tag-kelih-rogaska","12":"product_tag-kelih-za-vino","13":"product_tag-kozarec-za-vino","14":"product_tag-porocna-darila","15":"product_tag-vinski-kelih","16":"product_tag-vinski-kozarec","17":"product_tag-za-belo-vino","18":"product_tag-za-vino","20":"first","21":"instock","22":"shipping-taxable","23":"purchasable","24":"product-type-simple"},"_links":{"self":[{"href":"https:\/\/steklarna-rogaska.si\/ru\/wp-json\/wp\/v2\/product\/10310","targetHints":{"allow":["GET"]}}],"collection":[{"href":"https:\/\/steklarna-rogaska.si\/ru\/wp-json\/wp\/v2\/product"}],"about":[{"href":"https:\/\/steklarna-rogaska.si\/ru\/wp-json\/wp\/v2\/types\/product"}],"replies":[{"embeddable":true,"href":"https:\/\/steklarna-rogaska.si\/ru\/wp-json\/wp\/v2\/comments?post=10310"}],"wp:featuredmedia":[{"embeddable":true,"href":"https:\/\/steklarna-rogaska.si\/ru\/wp-json\/wp\/v2\/media\/10289"}],"wp:attachment":[{"href":"https:\/\/steklarna-rogaska.si\/ru\/wp-json\/wp\/v2\/media?parent=10310"}],"wp:term":[{"taxonomy":"product_brand","embeddable":true,"href":"https:\/\/steklarna-rogaska.si\/ru\/wp-json\/wp\/v2\/product_brand?post=10310"},{"taxonomy":"product_cat","embeddable":true,"href":"https:\/\/steklarna-rogaska.si\/ru\/wp-json\/wp\/v2\/product_cat?post=10310"},{"taxonomy":"product_tag","embeddable":true,"href":"https:\/\/steklarna-rogaska.si\/ru\/wp-json\/wp\/v2\/product_tag?post=10310"}],"curies":[{"name":"wp","href":"https:\/\/api.w.org\/{rel}","templated":true}]}}