{"id":10306,"date":"2020-10-01T12:41:30","date_gmt":"2020-10-01T12:41:30","guid":{"rendered":"https:\/\/steklarna-rogaska.si\/?post_type=product&#038;p=10306"},"modified":"2026-04-14T05:12:55","modified_gmt":"2026-04-14T05:12:55","slug":"expert-kozarec-za-belo-vino-chardonnay-set-2","status":"publish","type":"product","link":"https:\/\/steklarna-rogaska.si\/ru\/product\/expert-kozarec-za-belo-vino-chardonnay-set-2\/","title":{"rendered":"KOZAREC ZA BELO VINO &#8211; ROGA\u0160KA EXPERT &#8211; set 2 kos"},"content":{"rendered":"<p>vi\u0161ina = 233 mm<\/p>\n<p>\u0161irina = 80 mm<\/p>\n<p>vol. = 400 ml<\/p>\n<p>&nbsp;<\/p>\n<p>Tanek, obru\u0161en in zataljen rob keliha je obstojen, omogo\u010da pa prijetno ne\u017een kontakt z ustnicami in prav\u0161nje zau\u017eitje vina.<\/p>\n<p>Kelihi so izdelani iz vrhunskega brezbarvnega kristalinskega stekla, ki se pona\u0161a s popolno prosojnostjo, ne\u017enim zvenom in majhno te\u017eo, obenem pa tudi trdnostjo in obstojnostjo.<\/p>\n<p>Ro\u010dno izdelan pecelj daje kelihu eleganco, elasti\u010dnost, mehkobo in poudarja vrhunsko izdelavo. Ro\u010dno izdelan podstavek daje kelihu stabilnost.<\/p>\n<p>Brezbarvno, tanko in enakomerno pihano telo \u2013 \u010da\u0161a daje kelihu dodatno vrednost in omogo\u010da u\u017eivanje v \u010distosti in bogatosti barvnega odtenka vina.<\/p>\n<p>\u010ca\u0161e so namensko oblikovane, prilagojene sorti vina, zato se intenzivnost arome lahko razbohoti v polnem obsegu.<\/p>\n","protected":false},"excerpt":{"rendered":"<p>Vino je spoj kulture, strasti, znanja in izku\u0161enj. Serija Expert, izdelana v Steklarni Roga\u0161ka, je strokovno razvit nabor kozarcev in dekanterjev, kjer je oblika prilagojena zna\u010dilnostim razli\u010dnih sort vina. Zdru\u017euje tradicijo in odli\u010dnost steklarskih mojstrov Roga\u0161ke z zahtevami in znanjem enologov &#8211; strokoven pristop te izdelke postavlja v sam svetovni vrh.<\/p>\n","protected":false},"featured_media":10253,"comment_status":"open","ping_status":"open","template":"","meta":[],"product_brand":[],"product_cat":[924,925,284,910],"product_tag":[404,977,972,973,971,976,461,463],"class_list":{"0":"post-10306","1":"product","2":"type-product","3":"status-publish","4":"has-post-thumbnail","6":"product_cat-kozarci-2","7":"product_cat-kozarci-za-vino-2","8":"product_cat-vinski-program-default-group","9":"product_cat-kozarci-za-vino","10":"product_tag-expert","11":"product_tag-kelih-rogaska","12":"product_tag-kelih-za-vino","13":"product_tag-kozarec-za-vino","14":"product_tag-vinski-kelih","15":"product_tag-vinski-kozarec","16":"product_tag-za-belo-vino","17":"product_tag-za-vino","19":"first","20":"instock","21":"shipping-taxable","22":"purchasable","23":"product-type-simple"},"_links":{"self":[{"href":"https:\/\/steklarna-rogaska.si\/ru\/wp-json\/wp\/v2\/product\/10306","targetHints":{"allow":["GET"]}}],"collection":[{"href":"https:\/\/steklarna-rogaska.si\/ru\/wp-json\/wp\/v2\/product"}],"about":[{"href":"https:\/\/steklarna-rogaska.si\/ru\/wp-json\/wp\/v2\/types\/product"}],"replies":[{"embeddable":true,"href":"https:\/\/steklarna-rogaska.si\/ru\/wp-json\/wp\/v2\/comments?post=10306"}],"wp:featuredmedia":[{"embeddable":true,"href":"https:\/\/steklarna-rogaska.si\/ru\/wp-json\/wp\/v2\/media\/10253"}],"wp:attachment":[{"href":"https:\/\/steklarna-rogaska.si\/ru\/wp-json\/wp\/v2\/media?parent=10306"}],"wp:term":[{"taxonomy":"product_brand","embeddable":true,"href":"https:\/\/steklarna-rogaska.si\/ru\/wp-json\/wp\/v2\/product_brand?post=10306"},{"taxonomy":"product_cat","embeddable":true,"href":"https:\/\/steklarna-rogaska.si\/ru\/wp-json\/wp\/v2\/product_cat?post=10306"},{"taxonomy":"product_tag","embeddable":true,"href":"https:\/\/steklarna-rogaska.si\/ru\/wp-json\/wp\/v2\/product_tag?post=10306"}],"curies":[{"name":"wp","href":"https:\/\/api.w.org\/{rel}","templated":true}]}}