{"id":9291,"date":"2025-06-17T05:02:59","date_gmt":"2025-06-17T05:02:59","guid":{"rendered":"https:\/\/steklarna-rogaska.si\/?post_type=product&#038;p=9291"},"modified":"2026-04-13T06:51:18","modified_gmt":"2026-04-13T06:51:18","slug":"fan-club-kozarec-za-vodo-sok-set-2","status":"publish","type":"product","link":"https:\/\/steklarna-rogaska.si\/it\/product\/fan-club-kozarec-za-vodo-sok-set-2\/","title":{"rendered":"HIGHBALL KOZAREC ZA SOK, PIVO, KOKTEJL &#8211; FAN CLUB &#8211; set 2 kos"},"content":{"rendered":"<p>vi\u0161ina = 135 mm \u0161irina = 72 mm te\u017ea = 0.47 kg<\/p>\n","protected":false},"excerpt":{"rendered":"<p>vi\u0161ina = 135 mm \u0161irina = 72 mm te\u017ea = 0.47 kg<\/p>\n","protected":false},"featured_media":9266,"comment_status":"open","ping_status":"closed","template":"","meta":[],"product_brand":[],"product_cat":[1139,924,932,933],"product_tag":[406,458,484,467,455],"class_list":{"0":"post-9291","1":"product","2":"type-product","3":"status-publish","4":"has-post-thumbnail","6":"product_cat-kozarci-za-koktajle","7":"product_cat-kozarci-2","8":"product_cat-kozarci-za-sok","9":"product_cat-kozarci-za-vodo-2","10":"product_tag-fan-club","11":"product_tag-za-mesane-pijace","12":"product_tag-za-sok","13":"product_tag-za-vodo","14":"product_tag-za-vodo-pivo-sok-mesane-pijace","16":"first","17":"instock","18":"shipping-taxable","19":"purchasable","20":"product-type-simple"},"_links":{"self":[{"href":"https:\/\/steklarna-rogaska.si\/it\/wp-json\/wp\/v2\/product\/9291","targetHints":{"allow":["GET"]}}],"collection":[{"href":"https:\/\/steklarna-rogaska.si\/it\/wp-json\/wp\/v2\/product"}],"about":[{"href":"https:\/\/steklarna-rogaska.si\/it\/wp-json\/wp\/v2\/types\/product"}],"replies":[{"embeddable":true,"href":"https:\/\/steklarna-rogaska.si\/it\/wp-json\/wp\/v2\/comments?post=9291"}],"wp:featuredmedia":[{"embeddable":true,"href":"https:\/\/steklarna-rogaska.si\/it\/wp-json\/wp\/v2\/media\/9266"}],"wp:attachment":[{"href":"https:\/\/steklarna-rogaska.si\/it\/wp-json\/wp\/v2\/media?parent=9291"}],"wp:term":[{"taxonomy":"product_brand","embeddable":true,"href":"https:\/\/steklarna-rogaska.si\/it\/wp-json\/wp\/v2\/product_brand?post=9291"},{"taxonomy":"product_cat","embeddable":true,"href":"https:\/\/steklarna-rogaska.si\/it\/wp-json\/wp\/v2\/product_cat?post=9291"},{"taxonomy":"product_tag","embeddable":true,"href":"https:\/\/steklarna-rogaska.si\/it\/wp-json\/wp\/v2\/product_tag?post=9291"}],"curies":[{"name":"wp","href":"https:\/\/api.w.org\/{rel}","templated":true}]}}