{"id":7511,"date":"2020-05-18T07:28:54","date_gmt":"2020-05-18T07:28:54","guid":{"rendered":"https:\/\/steklarna-rogaska.si\/?post_type=product&#038;p=7511"},"modified":"2026-04-14T05:23:28","modified_gmt":"2026-04-14T05:23:28","slug":"fresh-kozarec-za-rdece-vino-set-2","status":"publish","type":"product","link":"https:\/\/steklarna-rogaska.si\/it\/product\/fresh-kozarec-za-rdece-vino-set-2\/","title":{"rendered":"KOZAREC ZA VODO NA PECLJU &#8211; FRESH &#8211; set 2 kos"},"content":{"rendered":"<p>vi\u0161ina = 215 mm<br \/>\n\u0161irina = 97 mm<br \/>\nte\u017ea = 0,3 kg<\/p>\n","protected":false},"excerpt":{"rendered":"<p>Serija je priljubljena zaradi svoje preprostosti in igrivosti opti\u010dnega vzorca. Ker se zelo lepo kombinira tako s sve\u010danimi kot vsakodnevnimi pogrinjki, je odlo\u010ditev zelo lahka.<\/p>\n","protected":false},"featured_media":7458,"comment_status":"open","ping_status":"open","template":"","meta":[],"product_brand":[],"product_cat":[924,925,284,910],"product_tag":[410,977,972,973,971,976,454],"class_list":{"0":"post-7511","1":"product","2":"type-product","3":"status-publish","4":"has-post-thumbnail","6":"product_cat-kozarci-2","7":"product_cat-kozarci-za-vino-2","8":"product_cat-vinski-program-default-group","9":"product_cat-kozarci-za-vino","10":"product_tag-fresh","11":"product_tag-kelih-rogaska","12":"product_tag-kelih-za-vino","13":"product_tag-kozarec-za-vino","14":"product_tag-vinski-kelih","15":"product_tag-vinski-kozarec","16":"product_tag-za-rdece-vino","18":"first","19":"instock","20":"shipping-taxable","21":"purchasable","22":"product-type-simple"},"_links":{"self":[{"href":"https:\/\/steklarna-rogaska.si\/it\/wp-json\/wp\/v2\/product\/7511","targetHints":{"allow":["GET"]}}],"collection":[{"href":"https:\/\/steklarna-rogaska.si\/it\/wp-json\/wp\/v2\/product"}],"about":[{"href":"https:\/\/steklarna-rogaska.si\/it\/wp-json\/wp\/v2\/types\/product"}],"replies":[{"embeddable":true,"href":"https:\/\/steklarna-rogaska.si\/it\/wp-json\/wp\/v2\/comments?post=7511"}],"wp:featuredmedia":[{"embeddable":true,"href":"https:\/\/steklarna-rogaska.si\/it\/wp-json\/wp\/v2\/media\/7458"}],"wp:attachment":[{"href":"https:\/\/steklarna-rogaska.si\/it\/wp-json\/wp\/v2\/media?parent=7511"}],"wp:term":[{"taxonomy":"product_brand","embeddable":true,"href":"https:\/\/steklarna-rogaska.si\/it\/wp-json\/wp\/v2\/product_brand?post=7511"},{"taxonomy":"product_cat","embeddable":true,"href":"https:\/\/steklarna-rogaska.si\/it\/wp-json\/wp\/v2\/product_cat?post=7511"},{"taxonomy":"product_tag","embeddable":true,"href":"https:\/\/steklarna-rogaska.si\/it\/wp-json\/wp\/v2\/product_tag?post=7511"}],"curies":[{"name":"wp","href":"https:\/\/api.w.org\/{rel}","templated":true}]}}