{"id":7448,"date":"2021-10-05T12:51:14","date_gmt":"2021-10-05T12:51:14","guid":{"rendered":"https:\/\/steklarna-rogaska.si\/?post_type=product&#038;p=7448"},"modified":"2026-04-21T05:24:01","modified_gmt":"2026-04-21T05:24:01","slug":"daphne-vaza-33-cm-2","status":"publish","type":"product","link":"https:\/\/steklarna-rogaska.si\/it\/product\/daphne-vaza-33-cm-2\/","title":{"rendered":"VAZA 33 CM &#8211; DAPHNE &#8211; kos"},"content":{"rendered":"<p>vi\u0161ina = 330 mm<br \/>\n\u0161irina = 202 mm<br \/>\nte\u017ea = 8,8 kg<\/p>\n","protected":false},"excerpt":{"rendered":"<p>vi\u0161ina = 330 mm \u0161irina = 202 mm te\u017ea = 8,8 kg<\/p>\n","protected":false},"featured_media":5168,"comment_status":"open","ping_status":"open","template":"","meta":[],"product_brand":[],"product_cat":[950],"product_tag":[390,441,439,442],"class_list":{"0":"post-7448","1":"product","2":"type-product","3":"status-publish","4":"has-post-thumbnail","6":"product_cat-vaza","7":"product_tag-daphne","8":"product_tag-porocna-darila","9":"product_tag-poroka","10":"product_tag-praznicna-darila","12":"first","13":"outofstock","14":"shipping-taxable","15":"purchasable","16":"product-type-simple"},"_links":{"self":[{"href":"https:\/\/steklarna-rogaska.si\/it\/wp-json\/wp\/v2\/product\/7448","targetHints":{"allow":["GET"]}}],"collection":[{"href":"https:\/\/steklarna-rogaska.si\/it\/wp-json\/wp\/v2\/product"}],"about":[{"href":"https:\/\/steklarna-rogaska.si\/it\/wp-json\/wp\/v2\/types\/product"}],"replies":[{"embeddable":true,"href":"https:\/\/steklarna-rogaska.si\/it\/wp-json\/wp\/v2\/comments?post=7448"}],"wp:featuredmedia":[{"embeddable":true,"href":"https:\/\/steklarna-rogaska.si\/it\/wp-json\/wp\/v2\/media\/5168"}],"wp:attachment":[{"href":"https:\/\/steklarna-rogaska.si\/it\/wp-json\/wp\/v2\/media?parent=7448"}],"wp:term":[{"taxonomy":"product_brand","embeddable":true,"href":"https:\/\/steklarna-rogaska.si\/it\/wp-json\/wp\/v2\/product_brand?post=7448"},{"taxonomy":"product_cat","embeddable":true,"href":"https:\/\/steklarna-rogaska.si\/it\/wp-json\/wp\/v2\/product_cat?post=7448"},{"taxonomy":"product_tag","embeddable":true,"href":"https:\/\/steklarna-rogaska.si\/it\/wp-json\/wp\/v2\/product_tag?post=7448"}],"curies":[{"name":"wp","href":"https:\/\/api.w.org\/{rel}","templated":true}]}}