{"id":6784,"date":"2020-05-08T08:16:22","date_gmt":"2020-05-08T08:16:22","guid":{"rendered":"https:\/\/steklarna-rogaska.si\/?post_type=product&#038;p=6784"},"modified":"2026-04-21T05:23:50","modified_gmt":"2026-04-21T05:23:50","slug":"omega-steklenica","status":"publish","type":"product","link":"https:\/\/steklarna-rogaska.si\/it\/product\/omega-steklenica\/","title":{"rendered":"STEKLENICA ZA VINO ALI \u017dGANJE &#8211; OMEGA &#8211; kos"},"content":{"rendered":"<p>vi\u0161ina = 350 mm<br \/>\n\u0161irina = 132 mm<br \/>\nte\u017ea = 1,5 kg<\/p>\n","protected":false},"excerpt":{"rendered":"<p>vi\u0161ina = 350 mm \u0161irina = 132 mm te\u017ea = 1,5 kg<\/p>\n","protected":false},"featured_media":6697,"comment_status":"open","ping_status":"open","template":"","meta":[],"product_brand":[],"product_cat":[935,939,938,937,936,284,912],"product_tag":[431,464],"class_list":{"0":"post-6784","1":"product","2":"type-product","3":"status-publish","4":"has-post-thumbnail","6":"product_cat-steklenice-dekanterji-vrci-posode","7":"product_cat-dekanter-za-vino-2","8":"product_cat-steklenica-za-vino","9":"product_cat-steklenica-za-vodo","10":"product_cat-steklenica-za-zganje","11":"product_cat-vinski-program-default-group","12":"product_cat-steklenice-za-vino","13":"product_tag-omega","14":"product_tag-za-dekantiranje","16":"first","17":"outofstock","18":"shipping-taxable","19":"purchasable","20":"product-type-simple"},"_links":{"self":[{"href":"https:\/\/steklarna-rogaska.si\/it\/wp-json\/wp\/v2\/product\/6784","targetHints":{"allow":["GET"]}}],"collection":[{"href":"https:\/\/steklarna-rogaska.si\/it\/wp-json\/wp\/v2\/product"}],"about":[{"href":"https:\/\/steklarna-rogaska.si\/it\/wp-json\/wp\/v2\/types\/product"}],"replies":[{"embeddable":true,"href":"https:\/\/steklarna-rogaska.si\/it\/wp-json\/wp\/v2\/comments?post=6784"}],"wp:featuredmedia":[{"embeddable":true,"href":"https:\/\/steklarna-rogaska.si\/it\/wp-json\/wp\/v2\/media\/6697"}],"wp:attachment":[{"href":"https:\/\/steklarna-rogaska.si\/it\/wp-json\/wp\/v2\/media?parent=6784"}],"wp:term":[{"taxonomy":"product_brand","embeddable":true,"href":"https:\/\/steklarna-rogaska.si\/it\/wp-json\/wp\/v2\/product_brand?post=6784"},{"taxonomy":"product_cat","embeddable":true,"href":"https:\/\/steklarna-rogaska.si\/it\/wp-json\/wp\/v2\/product_cat?post=6784"},{"taxonomy":"product_tag","embeddable":true,"href":"https:\/\/steklarna-rogaska.si\/it\/wp-json\/wp\/v2\/product_tag?post=6784"}],"curies":[{"name":"wp","href":"https:\/\/api.w.org\/{rel}","templated":true}]}}