{"id":6749,"date":"2020-05-08T08:16:22","date_gmt":"2020-05-08T08:16:22","guid":{"rendered":"https:\/\/steklarna-rogaska.si\/?post_type=product&#038;p=6749"},"modified":"2026-04-14T05:24:19","modified_gmt":"2026-04-14T05:24:19","slug":"omega-kozarec-za-vodo-sok-set-2","status":"publish","type":"product","link":"https:\/\/steklarna-rogaska.si\/it\/product\/omega-kozarec-za-vodo-sok-set-2\/","title":{"rendered":"HIGHBALL KOZAREC ZA SOK, PIVO, KOKTEJL &#8211; OMEGA &#8211; set 2 kos"},"content":{"rendered":"<p>vi\u0161ina = 153 mm<br \/>\n\u0161irina = 80 mm<br \/>\nte\u017ea = 0,6 kg<\/p>\n","protected":false},"excerpt":{"rendered":"<p>vi\u0161ina = 153 mm \u0161irina = 80 mm te\u017ea = 0,6 kg<\/p>\n","protected":false},"featured_media":6673,"comment_status":"open","ping_status":"open","template":"","meta":[],"product_brand":[],"product_cat":[1139,916,919,924,932,933,284,446],"product_tag":[431,455],"class_list":{"0":"post-6749","1":"product","2":"type-product","3":"status-publish","4":"has-post-thumbnail","6":"product_cat-kozarci-za-koktajle","7":"product_cat-darilni-program-2","8":"product_cat-poslovna-darila","9":"product_cat-kozarci-2","10":"product_cat-kozarci-za-sok","11":"product_cat-kozarci-za-vodo-2","12":"product_cat-vinski-program-default-group","13":"product_cat-kozarci-za-vodo","14":"product_tag-omega","15":"product_tag-za-vodo-pivo-sok-mesane-pijace","17":"first","18":"instock","19":"shipping-taxable","20":"purchasable","21":"product-type-simple"},"_links":{"self":[{"href":"https:\/\/steklarna-rogaska.si\/it\/wp-json\/wp\/v2\/product\/6749","targetHints":{"allow":["GET"]}}],"collection":[{"href":"https:\/\/steklarna-rogaska.si\/it\/wp-json\/wp\/v2\/product"}],"about":[{"href":"https:\/\/steklarna-rogaska.si\/it\/wp-json\/wp\/v2\/types\/product"}],"replies":[{"embeddable":true,"href":"https:\/\/steklarna-rogaska.si\/it\/wp-json\/wp\/v2\/comments?post=6749"}],"wp:featuredmedia":[{"embeddable":true,"href":"https:\/\/steklarna-rogaska.si\/it\/wp-json\/wp\/v2\/media\/6673"}],"wp:attachment":[{"href":"https:\/\/steklarna-rogaska.si\/it\/wp-json\/wp\/v2\/media?parent=6749"}],"wp:term":[{"taxonomy":"product_brand","embeddable":true,"href":"https:\/\/steklarna-rogaska.si\/it\/wp-json\/wp\/v2\/product_brand?post=6749"},{"taxonomy":"product_cat","embeddable":true,"href":"https:\/\/steklarna-rogaska.si\/it\/wp-json\/wp\/v2\/product_cat?post=6749"},{"taxonomy":"product_tag","embeddable":true,"href":"https:\/\/steklarna-rogaska.si\/it\/wp-json\/wp\/v2\/product_tag?post=6749"}],"curies":[{"name":"wp","href":"https:\/\/api.w.org\/{rel}","templated":true}]}}