{"id":6345,"date":"2020-04-24T08:26:58","date_gmt":"2020-04-24T08:26:58","guid":{"rendered":"https:\/\/steklarna-rogaska.si\/?post_type=product&#038;p=6345"},"modified":"2026-04-14T05:02:20","modified_gmt":"2026-04-14T05:02:20","slug":"aulide-kozarec-za-rdece-vino-set-2-3","status":"publish","type":"product","link":"https:\/\/steklarna-rogaska.si\/it\/product\/aulide-kozarec-za-rdece-vino-set-2-3\/","title":{"rendered":"KOZAREC ZA RDE\u010cE VINO &#8211; AULIDE GOLD &#8211; set 2 kos"},"content":{"rendered":"<p>vi\u0161ina= 197 mm<\/p>\n<p>\u0161irina=80 mm<\/p>\n<p>te\u017ea= 0,2 kg<\/p>\n","protected":false},"excerpt":{"rendered":"<p>vi\u0161ina= 197 mm \u0161irina=80 mm te\u017ea= 0,2 kg<\/p>\n","protected":false},"featured_media":6343,"comment_status":"closed","ping_status":"closed","template":"","meta":[],"product_brand":[],"product_cat":[924,925,284,910],"product_tag":[346,972,973,971,976,454],"class_list":{"0":"post-6345","1":"product","2":"type-product","3":"status-publish","4":"has-post-thumbnail","6":"product_cat-kozarci-2","7":"product_cat-kozarci-za-vino-2","8":"product_cat-vinski-program-default-group","9":"product_cat-kozarci-za-vino","10":"product_tag-aulide-gold","11":"product_tag-kelih-za-vino","12":"product_tag-kozarec-za-vino","13":"product_tag-vinski-kelih","14":"product_tag-vinski-kozarec","15":"product_tag-za-rdece-vino","17":"first","18":"instock","19":"shipping-taxable","20":"purchasable","21":"product-type-simple"},"_links":{"self":[{"href":"https:\/\/steklarna-rogaska.si\/it\/wp-json\/wp\/v2\/product\/6345","targetHints":{"allow":["GET"]}}],"collection":[{"href":"https:\/\/steklarna-rogaska.si\/it\/wp-json\/wp\/v2\/product"}],"about":[{"href":"https:\/\/steklarna-rogaska.si\/it\/wp-json\/wp\/v2\/types\/product"}],"replies":[{"embeddable":true,"href":"https:\/\/steklarna-rogaska.si\/it\/wp-json\/wp\/v2\/comments?post=6345"}],"wp:featuredmedia":[{"embeddable":true,"href":"https:\/\/steklarna-rogaska.si\/it\/wp-json\/wp\/v2\/media\/6343"}],"wp:attachment":[{"href":"https:\/\/steklarna-rogaska.si\/it\/wp-json\/wp\/v2\/media?parent=6345"}],"wp:term":[{"taxonomy":"product_brand","embeddable":true,"href":"https:\/\/steklarna-rogaska.si\/it\/wp-json\/wp\/v2\/product_brand?post=6345"},{"taxonomy":"product_cat","embeddable":true,"href":"https:\/\/steklarna-rogaska.si\/it\/wp-json\/wp\/v2\/product_cat?post=6345"},{"taxonomy":"product_tag","embeddable":true,"href":"https:\/\/steklarna-rogaska.si\/it\/wp-json\/wp\/v2\/product_tag?post=6345"}],"curies":[{"name":"wp","href":"https:\/\/api.w.org\/{rel}","templated":true}]}}