{"id":6340,"date":"2020-04-24T08:22:56","date_gmt":"2020-04-24T08:22:56","guid":{"rendered":"https:\/\/steklarna-rogaska.si\/?post_type=product&#038;p=6340"},"modified":"2026-04-20T07:13:38","modified_gmt":"2026-04-20T07:13:38","slug":"aulide-kozarec-za-rdece-vino-set-2-2","status":"publish","type":"product","link":"https:\/\/steklarna-rogaska.si\/it\/product\/aulide-kozarec-za-rdece-vino-set-2-2\/","title":{"rendered":"KOZAREC ZA VODO NA PECLJU &#8211; AULIDE &#8211; set 2 kos"},"content":{"rendered":"<p>vi\u0161ina=207 mm<\/p>\n<p>\u0161irina=88 mm<\/p>\n<p>te\u017ea= 0,3 kg<\/p>\n","protected":false},"excerpt":{"rendered":"<p>vi\u0161ina=207 mm \u0161irina=88 mm te\u017ea= 0,3 kg<\/p>\n","protected":false},"featured_media":6308,"comment_status":"closed","ping_status":"closed","template":"","meta":[],"product_brand":[],"product_cat":[916,922,919,996,924,925,933,284,910,446],"product_tag":[343,454,467],"class_list":{"0":"post-6340","1":"product","2":"type-product","3":"status-publish","4":"has-post-thumbnail","6":"product_cat-darilni-program-2","7":"product_cat-darila-zanj","8":"product_cat-poslovna-darila","9":"product_cat-praznicna-ponudba","10":"product_cat-kozarci-2","11":"product_cat-kozarci-za-vino-2","12":"product_cat-kozarci-za-vodo-2","13":"product_cat-vinski-program-default-group","14":"product_cat-kozarci-za-vino","15":"product_cat-kozarci-za-vodo","16":"product_tag-aulide","17":"product_tag-za-rdece-vino","18":"product_tag-za-vodo","20":"first","21":"instock","22":"shipping-taxable","23":"purchasable","24":"product-type-simple"},"_links":{"self":[{"href":"https:\/\/steklarna-rogaska.si\/it\/wp-json\/wp\/v2\/product\/6340","targetHints":{"allow":["GET"]}}],"collection":[{"href":"https:\/\/steklarna-rogaska.si\/it\/wp-json\/wp\/v2\/product"}],"about":[{"href":"https:\/\/steklarna-rogaska.si\/it\/wp-json\/wp\/v2\/types\/product"}],"replies":[{"embeddable":true,"href":"https:\/\/steklarna-rogaska.si\/it\/wp-json\/wp\/v2\/comments?post=6340"}],"wp:featuredmedia":[{"embeddable":true,"href":"https:\/\/steklarna-rogaska.si\/it\/wp-json\/wp\/v2\/media\/6308"}],"wp:attachment":[{"href":"https:\/\/steklarna-rogaska.si\/it\/wp-json\/wp\/v2\/media?parent=6340"}],"wp:term":[{"taxonomy":"product_brand","embeddable":true,"href":"https:\/\/steklarna-rogaska.si\/it\/wp-json\/wp\/v2\/product_brand?post=6340"},{"taxonomy":"product_cat","embeddable":true,"href":"https:\/\/steklarna-rogaska.si\/it\/wp-json\/wp\/v2\/product_cat?post=6340"},{"taxonomy":"product_tag","embeddable":true,"href":"https:\/\/steklarna-rogaska.si\/it\/wp-json\/wp\/v2\/product_tag?post=6340"}],"curies":[{"name":"wp","href":"https:\/\/api.w.org\/{rel}","templated":true}]}}