{"id":6294,"date":"2020-04-24T05:55:13","date_gmt":"2020-04-24T05:55:13","guid":{"rendered":"https:\/\/steklarna-rogaska.si\/?post_type=product&#038;p=6294"},"modified":"2026-05-04T06:45:37","modified_gmt":"2026-05-04T06:45:37","slug":"adria-vaza-25-cm-rdeca","status":"publish","type":"product","link":"https:\/\/steklarna-rogaska.si\/it\/product\/adria-vaza-25-cm-rdeca\/","title":{"rendered":"VAZA 25 CM RDE\u010cA &#8211; ADRIA &#8211; kos"},"content":{"rendered":"<p>vi\u0161ina= 250 mm<\/p>\n<p>\u0161irina=146 mm<\/p>\n<p>te\u017ea= 5,4 kg<\/p>\n","protected":false},"excerpt":{"rendered":"<p>vi\u0161ina= 250 mm \u0161irina=146 mm te\u017ea= 5,4 kg<\/p>\n","protected":false},"featured_media":6286,"comment_status":"closed","ping_status":"closed","template":"","meta":[],"product_brand":[],"product_cat":[916,919,996,950],"product_tag":[188,1000,487,1001,998],"class_list":{"0":"post-6294","1":"product","2":"type-product","3":"status-publish","4":"has-post-thumbnail","6":"product_cat-darilni-program-2","7":"product_cat-poslovna-darila","8":"product_cat-praznicna-ponudba","9":"product_cat-vaza","10":"product_tag-adria","11":"product_tag-barvna-vaza","12":"product_tag-barvni-kristal","13":"product_tag-rdeca-vaza","14":"product_tag-vaza","16":"first","17":"instock","18":"shipping-taxable","19":"purchasable","20":"product-type-simple"},"_links":{"self":[{"href":"https:\/\/steklarna-rogaska.si\/it\/wp-json\/wp\/v2\/product\/6294","targetHints":{"allow":["GET"]}}],"collection":[{"href":"https:\/\/steklarna-rogaska.si\/it\/wp-json\/wp\/v2\/product"}],"about":[{"href":"https:\/\/steklarna-rogaska.si\/it\/wp-json\/wp\/v2\/types\/product"}],"replies":[{"embeddable":true,"href":"https:\/\/steklarna-rogaska.si\/it\/wp-json\/wp\/v2\/comments?post=6294"}],"wp:featuredmedia":[{"embeddable":true,"href":"https:\/\/steklarna-rogaska.si\/it\/wp-json\/wp\/v2\/media\/6286"}],"wp:attachment":[{"href":"https:\/\/steklarna-rogaska.si\/it\/wp-json\/wp\/v2\/media?parent=6294"}],"wp:term":[{"taxonomy":"product_brand","embeddable":true,"href":"https:\/\/steklarna-rogaska.si\/it\/wp-json\/wp\/v2\/product_brand?post=6294"},{"taxonomy":"product_cat","embeddable":true,"href":"https:\/\/steklarna-rogaska.si\/it\/wp-json\/wp\/v2\/product_cat?post=6294"},{"taxonomy":"product_tag","embeddable":true,"href":"https:\/\/steklarna-rogaska.si\/it\/wp-json\/wp\/v2\/product_tag?post=6294"}],"curies":[{"name":"wp","href":"https:\/\/api.w.org\/{rel}","templated":true}]}}