{"id":6240,"date":"2020-04-23T18:54:33","date_gmt":"2020-04-23T18:54:33","guid":{"rendered":"https:\/\/steklarna-rogaska.si\/?post_type=product&#038;p=6240"},"modified":"2026-04-13T07:15:07","modified_gmt":"2026-04-13T07:15:07","slug":"polar-light-skleda-s-pokrovom-13-cm","status":"publish","type":"product","link":"https:\/\/steklarna-rogaska.si\/it\/product\/polar-light-skleda-s-pokrovom-13-cm\/","title":{"rendered":"SKLEDA 13 CM S POKROVOM &#8211; POLAR LIGHT &#8211; kos"},"content":{"rendered":"<p>vi\u0161ina= 128 mm<\/p>\n<p>\u0161irina= 130 mm<\/p>\n<p>te\u017ea= 0,9 kg<\/p>\n","protected":false},"excerpt":{"rendered":"<p>vi\u0161ina= 128 mm \u0161irina= 130 mm te\u017ea= 0,9 kg<\/p>\n","protected":false},"featured_media":6211,"comment_status":"closed","ping_status":"closed","template":"","meta":[],"product_brand":[],"product_cat":[923,920,919,996,946,949,948],"product_tag":[414,1016],"class_list":{"0":"post-6240","1":"product","2":"type-product","3":"status-publish","4":"has-post-thumbnail","6":"product_cat-drobne-pozornosti","7":"product_cat-porocna-darila","8":"product_cat-poslovna-darila","9":"product_cat-praznicna-ponudba","10":"product_cat-sklede-2","11":"product_cat-posoda-za-shranjevanje","12":"product_cat-skleda-za-prigrizke","13":"product_tag-polar-light","14":"product_tag-skleda-s-pokrovom","16":"first","17":"outofstock","18":"shipping-taxable","19":"purchasable","20":"product-type-simple"},"_links":{"self":[{"href":"https:\/\/steklarna-rogaska.si\/it\/wp-json\/wp\/v2\/product\/6240","targetHints":{"allow":["GET"]}}],"collection":[{"href":"https:\/\/steklarna-rogaska.si\/it\/wp-json\/wp\/v2\/product"}],"about":[{"href":"https:\/\/steklarna-rogaska.si\/it\/wp-json\/wp\/v2\/types\/product"}],"replies":[{"embeddable":true,"href":"https:\/\/steklarna-rogaska.si\/it\/wp-json\/wp\/v2\/comments?post=6240"}],"wp:featuredmedia":[{"embeddable":true,"href":"https:\/\/steklarna-rogaska.si\/it\/wp-json\/wp\/v2\/media\/6211"}],"wp:attachment":[{"href":"https:\/\/steklarna-rogaska.si\/it\/wp-json\/wp\/v2\/media?parent=6240"}],"wp:term":[{"taxonomy":"product_brand","embeddable":true,"href":"https:\/\/steklarna-rogaska.si\/it\/wp-json\/wp\/v2\/product_brand?post=6240"},{"taxonomy":"product_cat","embeddable":true,"href":"https:\/\/steklarna-rogaska.si\/it\/wp-json\/wp\/v2\/product_cat?post=6240"},{"taxonomy":"product_tag","embeddable":true,"href":"https:\/\/steklarna-rogaska.si\/it\/wp-json\/wp\/v2\/product_tag?post=6240"}],"curies":[{"name":"wp","href":"https:\/\/api.w.org\/{rel}","templated":true}]}}