{"id":6234,"date":"2025-02-28T08:42:43","date_gmt":"2025-02-28T08:42:43","guid":{"rendered":"https:\/\/steklarna-rogaska.si\/?post_type=product&#038;p=6234"},"modified":"2026-04-14T05:01:33","modified_gmt":"2026-04-14T05:01:33","slug":"polar-light-mala-skleda-13-cm","status":"publish","type":"product","link":"https:\/\/steklarna-rogaska.si\/it\/product\/polar-light-mala-skleda-13-cm\/","title":{"rendered":"SKLEDA 13 CM &#8211; POLAR LIGHT &#8211; kos"},"content":{"rendered":"<p>vi\u0161ina= 74 mm<\/p>\n<p>\u0161irina= 130 mm<\/p>\n<p>te\u017ea= 0,5 kg<\/p>\n","protected":false},"excerpt":{"rendered":"<p>vi\u0161ina= 74 mm \u0161irina= 130 mm te\u017ea= 0,5 kg<\/p>\n","protected":false},"featured_media":6229,"comment_status":"closed","ping_status":"closed","template":"","meta":[],"product_brand":[],"product_cat":[1400,953,955,916,922,921,923,919,996,946,948],"product_tag":[414],"class_list":{"0":"post-6234","1":"product","2":"type-product","3":"status-publish","4":"has-post-thumbnail","6":"product_cat-posebna-ponudba","7":"product_cat-bozicna-dekoracija","8":"product_cat-dekorativni-dodatki","9":"product_cat-darilni-program-2","10":"product_cat-darila-zanj","11":"product_cat-darila-zanjo","12":"product_cat-drobne-pozornosti","13":"product_cat-poslovna-darila","14":"product_cat-praznicna-ponudba","15":"product_cat-sklede-2","16":"product_cat-skleda-za-prigrizke","17":"product_tag-polar-light","19":"first","20":"instock","21":"shipping-taxable","22":"purchasable","23":"product-type-simple"},"_links":{"self":[{"href":"https:\/\/steklarna-rogaska.si\/it\/wp-json\/wp\/v2\/product\/6234","targetHints":{"allow":["GET"]}}],"collection":[{"href":"https:\/\/steklarna-rogaska.si\/it\/wp-json\/wp\/v2\/product"}],"about":[{"href":"https:\/\/steklarna-rogaska.si\/it\/wp-json\/wp\/v2\/types\/product"}],"replies":[{"embeddable":true,"href":"https:\/\/steklarna-rogaska.si\/it\/wp-json\/wp\/v2\/comments?post=6234"}],"wp:featuredmedia":[{"embeddable":true,"href":"https:\/\/steklarna-rogaska.si\/it\/wp-json\/wp\/v2\/media\/6229"}],"wp:attachment":[{"href":"https:\/\/steklarna-rogaska.si\/it\/wp-json\/wp\/v2\/media?parent=6234"}],"wp:term":[{"taxonomy":"product_brand","embeddable":true,"href":"https:\/\/steklarna-rogaska.si\/it\/wp-json\/wp\/v2\/product_brand?post=6234"},{"taxonomy":"product_cat","embeddable":true,"href":"https:\/\/steklarna-rogaska.si\/it\/wp-json\/wp\/v2\/product_cat?post=6234"},{"taxonomy":"product_tag","embeddable":true,"href":"https:\/\/steklarna-rogaska.si\/it\/wp-json\/wp\/v2\/product_tag?post=6234"}],"curies":[{"name":"wp","href":"https:\/\/api.w.org\/{rel}","templated":true}]}}