{"id":6233,"date":"2020-04-23T18:40:21","date_gmt":"2020-04-23T18:40:21","guid":{"rendered":"https:\/\/steklarna-rogaska.si\/?post_type=product&#038;p=6233"},"modified":"2026-04-13T07:05:27","modified_gmt":"2026-04-13T07:05:27","slug":"polar-light-kroznik-33-cm","status":"publish","type":"product","link":"https:\/\/steklarna-rogaska.si\/it\/product\/polar-light-kroznik-33-cm\/","title":{"rendered":"KRO\u017dNIK 33 CM &#8211; POLAR LIGHT &#8211; kos"},"content":{"rendered":"<p>vi\u0161ina= 17,4 mm<\/p>\n<p>\u0161irina= 325 mm<\/p>\n<p>te\u017ea= 2 kg<\/p>\n","protected":false},"excerpt":{"rendered":"<p>vi\u0161ina= 17,4 mm \u0161irina= 325 mm te\u017ea= 2 kg<\/p>\n","protected":false},"featured_media":6225,"comment_status":"closed","ping_status":"closed","template":"","meta":[],"product_brand":[],"product_cat":[953,955,916,921,923,919,996,942,943,944],"product_tag":[447,414],"class_list":{"0":"post-6233","1":"product","2":"type-product","3":"status-publish","4":"has-post-thumbnail","6":"product_cat-bozicna-dekoracija","7":"product_cat-dekorativni-dodatki","8":"product_cat-darilni-program-2","9":"product_cat-darila-zanjo","10":"product_cat-drobne-pozornosti","11":"product_cat-poslovna-darila","12":"product_cat-praznicna-ponudba","13":"product_cat-krozniki-in-pladnji","14":"product_cat-krozniki","15":"product_cat-pladnji","16":"product_tag-kroznik-za-pecivo","17":"product_tag-polar-light","19":"first","20":"outofstock","21":"shipping-taxable","22":"purchasable","23":"product-type-simple"},"_links":{"self":[{"href":"https:\/\/steklarna-rogaska.si\/it\/wp-json\/wp\/v2\/product\/6233","targetHints":{"allow":["GET"]}}],"collection":[{"href":"https:\/\/steklarna-rogaska.si\/it\/wp-json\/wp\/v2\/product"}],"about":[{"href":"https:\/\/steklarna-rogaska.si\/it\/wp-json\/wp\/v2\/types\/product"}],"replies":[{"embeddable":true,"href":"https:\/\/steklarna-rogaska.si\/it\/wp-json\/wp\/v2\/comments?post=6233"}],"wp:featuredmedia":[{"embeddable":true,"href":"https:\/\/steklarna-rogaska.si\/it\/wp-json\/wp\/v2\/media\/6225"}],"wp:attachment":[{"href":"https:\/\/steklarna-rogaska.si\/it\/wp-json\/wp\/v2\/media?parent=6233"}],"wp:term":[{"taxonomy":"product_brand","embeddable":true,"href":"https:\/\/steklarna-rogaska.si\/it\/wp-json\/wp\/v2\/product_brand?post=6233"},{"taxonomy":"product_cat","embeddable":true,"href":"https:\/\/steklarna-rogaska.si\/it\/wp-json\/wp\/v2\/product_cat?post=6233"},{"taxonomy":"product_tag","embeddable":true,"href":"https:\/\/steklarna-rogaska.si\/it\/wp-json\/wp\/v2\/product_tag?post=6233"}],"curies":[{"name":"wp","href":"https:\/\/api.w.org\/{rel}","templated":true}]}}