{"id":6188,"date":"2020-04-23T17:52:32","date_gmt":"2020-04-23T17:52:32","guid":{"rendered":"https:\/\/steklarna-rogaska.si\/?post_type=product&#038;p=6188"},"modified":"2026-04-13T06:46:17","modified_gmt":"2026-04-13T06:46:17","slug":"manhattan-steklenica-za-vodko","status":"publish","type":"product","link":"https:\/\/steklarna-rogaska.si\/it\/product\/manhattan-steklenica-za-vodko\/","title":{"rendered":"STEKLENICA ZA VODKO &#8211; MANHATTAN &#8211; kos"},"content":{"rendered":"<p>vi\u0161ina= 313 mm<\/p>\n<p>\u0161irina= 100 mm<\/p>\n<p>te\u017ea= 1,53 kg<\/p>\n","protected":false},"excerpt":{"rendered":"<p>Na\u0161a najbolj priljubljena in najbolje prodajana barska serija Manhattan je bila zasnovana tako, da se prilega va\u0161i roki na najbolj udoben in eleganten na\u010din. Zdru\u017euje tako tradicijo kot sodobnost, kar je vsekakor zmagovalna kombinacija za opremo va\u0161ega doma\u010dega bara, poro\u010dna obdarovanja ter poslovna darila.<\/p>\n","protected":false},"featured_media":6172,"comment_status":"closed","ping_status":"open","template":"","meta":[],"product_brand":[],"product_cat":[196,908,935,936],"product_tag":[179,485,478],"class_list":{"0":"post-6188","1":"product","2":"type-product","3":"status-publish","4":"has-post-thumbnail","6":"product_cat-barski-program","7":"product_cat-steklenice-za-zganje","8":"product_cat-steklenice-dekanterji-vrci-posode","9":"product_cat-steklenica-za-zganje","10":"product_tag-manhattan","11":"product_tag-poslovna-darila","12":"product_tag-za-zgane-pijace","14":"first","15":"instock","16":"shipping-taxable","17":"purchasable","18":"product-type-simple"},"_links":{"self":[{"href":"https:\/\/steklarna-rogaska.si\/it\/wp-json\/wp\/v2\/product\/6188","targetHints":{"allow":["GET"]}}],"collection":[{"href":"https:\/\/steklarna-rogaska.si\/it\/wp-json\/wp\/v2\/product"}],"about":[{"href":"https:\/\/steklarna-rogaska.si\/it\/wp-json\/wp\/v2\/types\/product"}],"replies":[{"embeddable":true,"href":"https:\/\/steklarna-rogaska.si\/it\/wp-json\/wp\/v2\/comments?post=6188"}],"wp:featuredmedia":[{"embeddable":true,"href":"https:\/\/steklarna-rogaska.si\/it\/wp-json\/wp\/v2\/media\/6172"}],"wp:attachment":[{"href":"https:\/\/steklarna-rogaska.si\/it\/wp-json\/wp\/v2\/media?parent=6188"}],"wp:term":[{"taxonomy":"product_brand","embeddable":true,"href":"https:\/\/steklarna-rogaska.si\/it\/wp-json\/wp\/v2\/product_brand?post=6188"},{"taxonomy":"product_cat","embeddable":true,"href":"https:\/\/steklarna-rogaska.si\/it\/wp-json\/wp\/v2\/product_cat?post=6188"},{"taxonomy":"product_tag","embeddable":true,"href":"https:\/\/steklarna-rogaska.si\/it\/wp-json\/wp\/v2\/product_tag?post=6188"}],"curies":[{"name":"wp","href":"https:\/\/api.w.org\/{rel}","templated":true}]}}