{"id":6151,"date":"2020-04-23T16:44:42","date_gmt":"2020-04-23T16:44:42","guid":{"rendered":"https:\/\/steklarna-rogaska.si\/?post_type=product&#038;p=6151"},"modified":"2026-04-14T05:24:26","modified_gmt":"2026-04-14T05:24:26","slug":"gap-steklenica","status":"publish","type":"product","link":"https:\/\/steklarna-rogaska.si\/it\/product\/gap-steklenica\/","title":{"rendered":"STEKLENICA ZA VINO Z ZAMA\u0160KOM &#8211; GAP &#8211; kos"},"content":{"rendered":"<p>vi\u0161ina=412 mm<\/p>\n<p>\u2300= 119 mm<\/p>\n<p>te\u017ea= 1,4 kg<\/p>\n","protected":false},"excerpt":{"rendered":"<p>Linija Gap se pona\u0161a s preprosto obliko in prelivanjem barv in detajlov. Prefinjene barve in precizni brusi ustvarjajo mo\u010dan in oster kontrast med razli\u010dnimi elementi prostora. Linija Gap predstavlja minimalisti\u010dno dekoracijo elegantne funkcionalne zasnove in se opira na tradicijo ro\u010dnega oblikovanja stekla.<\/p>\n","protected":false},"featured_media":6133,"comment_status":"closed","ping_status":"open","template":"","meta":[],"product_brand":[],"product_cat":[935,939,937,936,284,912],"product_tag":[],"class_list":{"0":"post-6151","1":"product","2":"type-product","3":"status-publish","4":"has-post-thumbnail","6":"product_cat-steklenice-dekanterji-vrci-posode","7":"product_cat-dekanter-za-vino-2","8":"product_cat-steklenica-za-vodo","9":"product_cat-steklenica-za-zganje","10":"product_cat-vinski-program-default-group","11":"product_cat-steklenice-za-vino","13":"first","14":"instock","15":"shipping-taxable","16":"purchasable","17":"product-type-simple"},"_links":{"self":[{"href":"https:\/\/steklarna-rogaska.si\/it\/wp-json\/wp\/v2\/product\/6151","targetHints":{"allow":["GET"]}}],"collection":[{"href":"https:\/\/steklarna-rogaska.si\/it\/wp-json\/wp\/v2\/product"}],"about":[{"href":"https:\/\/steklarna-rogaska.si\/it\/wp-json\/wp\/v2\/types\/product"}],"replies":[{"embeddable":true,"href":"https:\/\/steklarna-rogaska.si\/it\/wp-json\/wp\/v2\/comments?post=6151"}],"wp:featuredmedia":[{"embeddable":true,"href":"https:\/\/steklarna-rogaska.si\/it\/wp-json\/wp\/v2\/media\/6133"}],"wp:attachment":[{"href":"https:\/\/steklarna-rogaska.si\/it\/wp-json\/wp\/v2\/media?parent=6151"}],"wp:term":[{"taxonomy":"product_brand","embeddable":true,"href":"https:\/\/steklarna-rogaska.si\/it\/wp-json\/wp\/v2\/product_brand?post=6151"},{"taxonomy":"product_cat","embeddable":true,"href":"https:\/\/steklarna-rogaska.si\/it\/wp-json\/wp\/v2\/product_cat?post=6151"},{"taxonomy":"product_tag","embeddable":true,"href":"https:\/\/steklarna-rogaska.si\/it\/wp-json\/wp\/v2\/product_tag?post=6151"}],"curies":[{"name":"wp","href":"https:\/\/api.w.org\/{rel}","templated":true}]}}