{"id":6079,"date":"2020-04-23T14:46:29","date_gmt":"2020-04-23T14:46:29","guid":{"rendered":"https:\/\/steklarna-rogaska.si\/?post_type=product&#038;p=6079"},"modified":"2026-04-21T05:23:28","modified_gmt":"2026-04-21T05:23:28","slug":"aria-dekanter-2","status":"publish","type":"product","link":"https:\/\/steklarna-rogaska.si\/it\/product\/aria-dekanter-2\/","title":{"rendered":"DEKANTER ZA VINO, VR\u010c ZA VODO &#8211; ARIA &#8211; kos"},"content":{"rendered":"<p>vi\u0161ina=255mm<\/p>\n<p>\u0161irina=151mm<\/p>\n<p>te\u017ea= 0,7 kg<\/p>\n","protected":false},"excerpt":{"rendered":"<p>vi\u0161ina=255mm \u0161irina=151mm te\u017ea= 0,7 kg<\/p>\n","protected":false},"featured_media":6067,"comment_status":"closed","ping_status":"open","template":"","meta":[],"product_brand":[],"product_cat":[916,919,996,935,939,938,937,284,913,912],"product_tag":[480,464],"class_list":{"0":"post-6079","1":"product","2":"type-product","3":"status-publish","4":"has-post-thumbnail","6":"product_cat-darilni-program-2","7":"product_cat-poslovna-darila","8":"product_cat-praznicna-ponudba","9":"product_cat-steklenice-dekanterji-vrci-posode","10":"product_cat-dekanter-za-vino-2","11":"product_cat-steklenica-za-vino","12":"product_cat-steklenica-za-vodo","13":"product_cat-vinski-program-default-group","14":"product_cat-dekanter-za-vino","15":"product_cat-steklenice-za-vino","16":"product_tag-aria","17":"product_tag-za-dekantiranje","19":"first","20":"instock","21":"shipping-taxable","22":"purchasable","23":"product-type-simple"},"_links":{"self":[{"href":"https:\/\/steklarna-rogaska.si\/it\/wp-json\/wp\/v2\/product\/6079","targetHints":{"allow":["GET"]}}],"collection":[{"href":"https:\/\/steklarna-rogaska.si\/it\/wp-json\/wp\/v2\/product"}],"about":[{"href":"https:\/\/steklarna-rogaska.si\/it\/wp-json\/wp\/v2\/types\/product"}],"replies":[{"embeddable":true,"href":"https:\/\/steklarna-rogaska.si\/it\/wp-json\/wp\/v2\/comments?post=6079"}],"wp:featuredmedia":[{"embeddable":true,"href":"https:\/\/steklarna-rogaska.si\/it\/wp-json\/wp\/v2\/media\/6067"}],"wp:attachment":[{"href":"https:\/\/steklarna-rogaska.si\/it\/wp-json\/wp\/v2\/media?parent=6079"}],"wp:term":[{"taxonomy":"product_brand","embeddable":true,"href":"https:\/\/steklarna-rogaska.si\/it\/wp-json\/wp\/v2\/product_brand?post=6079"},{"taxonomy":"product_cat","embeddable":true,"href":"https:\/\/steklarna-rogaska.si\/it\/wp-json\/wp\/v2\/product_cat?post=6079"},{"taxonomy":"product_tag","embeddable":true,"href":"https:\/\/steklarna-rogaska.si\/it\/wp-json\/wp\/v2\/product_tag?post=6079"}],"curies":[{"name":"wp","href":"https:\/\/api.w.org\/{rel}","templated":true}]}}