{"id":6064,"date":"2020-04-23T14:33:30","date_gmt":"2020-04-23T14:33:30","guid":{"rendered":"https:\/\/steklarna-rogaska.si\/?post_type=product&#038;p=6064"},"modified":"2026-04-21T05:23:26","modified_gmt":"2026-04-21T05:23:26","slug":"aria-kozarec-za-belo-vino-set-2","status":"publish","type":"product","link":"https:\/\/steklarna-rogaska.si\/it\/product\/aria-kozarec-za-belo-vino-set-2\/","title":{"rendered":"KOZAREC ZA BELO VINO &#8211; ARIA &#8211; set 2 kos"},"content":{"rendered":"<p>vi\u0161ina=232mm<\/p>\n<p>\u0161irina=89mm<\/p>\n<p>te\u017ea= 0,14 kg<\/p>\n","protected":false},"excerpt":{"rendered":"<p>vi\u0161ina=232mm \u0161irina=89mm te\u017ea= 0,14 kg<\/p>\n","protected":false},"featured_media":6065,"comment_status":"open","ping_status":"open","template":"","meta":[],"product_brand":[],"product_cat":[916,922,921,920,919,996,924,925,284,910],"product_tag":[480,972,973,971,976,461],"class_list":{"0":"post-6064","1":"product","2":"type-product","3":"status-publish","4":"has-post-thumbnail","6":"product_cat-darilni-program-2","7":"product_cat-darila-zanj","8":"product_cat-darila-zanjo","9":"product_cat-porocna-darila","10":"product_cat-poslovna-darila","11":"product_cat-praznicna-ponudba","12":"product_cat-kozarci-2","13":"product_cat-kozarci-za-vino-2","14":"product_cat-vinski-program-default-group","15":"product_cat-kozarci-za-vino","16":"product_tag-aria","17":"product_tag-kelih-za-vino","18":"product_tag-kozarec-za-vino","19":"product_tag-vinski-kelih","20":"product_tag-vinski-kozarec","21":"product_tag-za-belo-vino","23":"first","24":"instock","25":"shipping-taxable","26":"purchasable","27":"product-type-simple"},"_links":{"self":[{"href":"https:\/\/steklarna-rogaska.si\/it\/wp-json\/wp\/v2\/product\/6064","targetHints":{"allow":["GET"]}}],"collection":[{"href":"https:\/\/steklarna-rogaska.si\/it\/wp-json\/wp\/v2\/product"}],"about":[{"href":"https:\/\/steklarna-rogaska.si\/it\/wp-json\/wp\/v2\/types\/product"}],"replies":[{"embeddable":true,"href":"https:\/\/steklarna-rogaska.si\/it\/wp-json\/wp\/v2\/comments?post=6064"}],"wp:featuredmedia":[{"embeddable":true,"href":"https:\/\/steklarna-rogaska.si\/it\/wp-json\/wp\/v2\/media\/6065"}],"wp:attachment":[{"href":"https:\/\/steklarna-rogaska.si\/it\/wp-json\/wp\/v2\/media?parent=6064"}],"wp:term":[{"taxonomy":"product_brand","embeddable":true,"href":"https:\/\/steklarna-rogaska.si\/it\/wp-json\/wp\/v2\/product_brand?post=6064"},{"taxonomy":"product_cat","embeddable":true,"href":"https:\/\/steklarna-rogaska.si\/it\/wp-json\/wp\/v2\/product_cat?post=6064"},{"taxonomy":"product_tag","embeddable":true,"href":"https:\/\/steklarna-rogaska.si\/it\/wp-json\/wp\/v2\/product_tag?post=6064"}],"curies":[{"name":"wp","href":"https:\/\/api.w.org\/{rel}","templated":true}]}}