{"id":6050,"date":"2020-04-23T12:49:50","date_gmt":"2020-04-23T12:49:50","guid":{"rendered":"https:\/\/steklarna-rogaska.si\/?post_type=product&#038;p=6050"},"modified":"2026-04-14T05:24:13","modified_gmt":"2026-04-14T05:24:13","slug":"adria-kozarec-za-rdece-vino-set-2","status":"publish","type":"product","link":"https:\/\/steklarna-rogaska.si\/it\/product\/adria-kozarec-za-rdece-vino-set-2\/","title":{"rendered":"KOZAREC ZA RDE\u010cE VINO &#8211; ADRIA &#8211; set 2 kos"},"content":{"rendered":"<p>vi\u0161ina= 198 mm<\/p>\n<p>\u0161irina= 93 mm<\/p>\n<p>te\u017ea= 0,4 kg<\/p>\n","protected":false},"excerpt":{"rendered":"<p>Serija Adria je \u010dudovito nabor izdelkov z mehkimi zaobljenimi oblikami, ki poudarjajo sodoben, a vseeno ve\u010dno klasi\u010den dizajn.<\/p>\n","protected":false},"featured_media":6048,"comment_status":"open","ping_status":"open","template":"","meta":[],"product_brand":[],"product_cat":[920,924,925,284,910],"product_tag":[188,972,973,441,971,976,454],"class_list":{"0":"post-6050","1":"product","2":"type-product","3":"status-publish","4":"has-post-thumbnail","6":"product_cat-porocna-darila","7":"product_cat-kozarci-2","8":"product_cat-kozarci-za-vino-2","9":"product_cat-vinski-program-default-group","10":"product_cat-kozarci-za-vino","11":"product_tag-adria","12":"product_tag-kelih-za-vino","13":"product_tag-kozarec-za-vino","14":"product_tag-porocna-darila","15":"product_tag-vinski-kelih","16":"product_tag-vinski-kozarec","17":"product_tag-za-rdece-vino","19":"first","20":"outofstock","21":"shipping-taxable","22":"purchasable","23":"product-type-simple"},"_links":{"self":[{"href":"https:\/\/steklarna-rogaska.si\/it\/wp-json\/wp\/v2\/product\/6050","targetHints":{"allow":["GET"]}}],"collection":[{"href":"https:\/\/steklarna-rogaska.si\/it\/wp-json\/wp\/v2\/product"}],"about":[{"href":"https:\/\/steklarna-rogaska.si\/it\/wp-json\/wp\/v2\/types\/product"}],"replies":[{"embeddable":true,"href":"https:\/\/steklarna-rogaska.si\/it\/wp-json\/wp\/v2\/comments?post=6050"}],"wp:featuredmedia":[{"embeddable":true,"href":"https:\/\/steklarna-rogaska.si\/it\/wp-json\/wp\/v2\/media\/6048"}],"wp:attachment":[{"href":"https:\/\/steklarna-rogaska.si\/it\/wp-json\/wp\/v2\/media?parent=6050"}],"wp:term":[{"taxonomy":"product_brand","embeddable":true,"href":"https:\/\/steklarna-rogaska.si\/it\/wp-json\/wp\/v2\/product_brand?post=6050"},{"taxonomy":"product_cat","embeddable":true,"href":"https:\/\/steklarna-rogaska.si\/it\/wp-json\/wp\/v2\/product_cat?post=6050"},{"taxonomy":"product_tag","embeddable":true,"href":"https:\/\/steklarna-rogaska.si\/it\/wp-json\/wp\/v2\/product_tag?post=6050"}],"curies":[{"name":"wp","href":"https:\/\/api.w.org\/{rel}","templated":true}]}}