{"id":4089,"date":"2019-12-28T09:31:30","date_gmt":"2019-12-28T09:31:30","guid":{"rendered":"https:\/\/steklarna-rogaska.si\/product\/import-placeholder-for-2597\/"},"modified":"2026-04-13T06:41:54","modified_gmt":"2026-04-13T06:41:54","slug":"flame-kozarec-za-belo-vino-set-2","status":"publish","type":"product","link":"https:\/\/steklarna-rogaska.si\/it\/product\/flame-kozarec-za-belo-vino-set-2\/","title":{"rendered":"KOZAREC ZA BELO VINO &#8211; FLAME &#8211; set 2 kos"},"content":{"rendered":"<p>vi\u0161ina = 229 mm<br \/>\n\u0161irina = 69 mm<br \/>\nte\u017ea = 0,3 kg<\/p>\n","protected":false},"excerpt":{"rendered":"<p>vi\u0161ina = 229 mm \u0161irina = 69 mm te\u017ea = 0,3 kg<\/p>\n","protected":false},"featured_media":4139,"comment_status":"closed","ping_status":"open","template":"","meta":[],"product_brand":[],"product_cat":[924,925,284,910],"product_tag":[177,972,973,971,976,461],"class_list":{"0":"post-4089","1":"product","2":"type-product","3":"status-publish","4":"has-post-thumbnail","6":"product_cat-kozarci-2","7":"product_cat-kozarci-za-vino-2","8":"product_cat-vinski-program-default-group","9":"product_cat-kozarci-za-vino","10":"product_tag-flame","11":"product_tag-kelih-za-vino","12":"product_tag-kozarec-za-vino","13":"product_tag-vinski-kelih","14":"product_tag-vinski-kozarec","15":"product_tag-za-belo-vino","17":"first","18":"outofstock","19":"shipping-taxable","20":"purchasable","21":"product-type-simple"},"_links":{"self":[{"href":"https:\/\/steklarna-rogaska.si\/it\/wp-json\/wp\/v2\/product\/4089","targetHints":{"allow":["GET"]}}],"collection":[{"href":"https:\/\/steklarna-rogaska.si\/it\/wp-json\/wp\/v2\/product"}],"about":[{"href":"https:\/\/steklarna-rogaska.si\/it\/wp-json\/wp\/v2\/types\/product"}],"replies":[{"embeddable":true,"href":"https:\/\/steklarna-rogaska.si\/it\/wp-json\/wp\/v2\/comments?post=4089"}],"wp:featuredmedia":[{"embeddable":true,"href":"https:\/\/steklarna-rogaska.si\/it\/wp-json\/wp\/v2\/media\/4139"}],"wp:attachment":[{"href":"https:\/\/steklarna-rogaska.si\/it\/wp-json\/wp\/v2\/media?parent=4089"}],"wp:term":[{"taxonomy":"product_brand","embeddable":true,"href":"https:\/\/steklarna-rogaska.si\/it\/wp-json\/wp\/v2\/product_brand?post=4089"},{"taxonomy":"product_cat","embeddable":true,"href":"https:\/\/steklarna-rogaska.si\/it\/wp-json\/wp\/v2\/product_cat?post=4089"},{"taxonomy":"product_tag","embeddable":true,"href":"https:\/\/steklarna-rogaska.si\/it\/wp-json\/wp\/v2\/product_tag?post=4089"}],"curies":[{"name":"wp","href":"https:\/\/api.w.org\/{rel}","templated":true}]}}