{"id":4066,"date":"2019-12-28T09:31:08","date_gmt":"2019-12-28T09:31:08","guid":{"rendered":"https:\/\/steklarna-rogaska.si\/product\/import-placeholder-for-2562\/"},"modified":"2026-04-21T05:24:06","modified_gmt":"2026-04-21T05:24:06","slug":"olymp-kozarec-za-penino-set-of-2","status":"publish","type":"product","link":"https:\/\/steklarna-rogaska.si\/it\/product\/olymp-kozarec-za-penino-set-of-2\/","title":{"rendered":"KOZAREC ZA PENINO &#8211; OLYMP &#8211; set 2 kos"},"content":{"rendered":"<p>vi\u0161ina = 273 mm<br \/>\n\u0161irina = 46 mm<br \/>\nte\u017ea = 0,3 kg<\/p>\n","protected":false},"excerpt":{"rendered":"<p>vi\u0161ina = 273 mm \u0161irina = 46 mm te\u017ea = 0,3 kg<\/p>\n","protected":false},"featured_media":4115,"comment_status":"closed","ping_status":"open","template":"","meta":[],"product_brand":[],"product_cat":[916,921,920,919,996,924,926,284,911],"product_tag":[993,968,969,178,978,985,439,468],"class_list":{"0":"post-4066","1":"product","2":"type-product","3":"status-publish","4":"has-post-thumbnail","6":"product_cat-darilni-program-2","7":"product_cat-darila-zanjo","8":"product_cat-porocna-darila","9":"product_cat-poslovna-darila","10":"product_cat-praznicna-ponudba","11":"product_cat-kozarci-2","12":"product_cat-kozarci-za-penino-2","13":"product_cat-vinski-program-default-group","14":"product_cat-kozarci-za-penino","15":"product_tag-darilo","16":"product_tag-kelih-za-penino","17":"product_tag-kozarec-za-penino","18":"product_tag-olymp","19":"product_tag-peninski-kelih","20":"product_tag-peninski-kozarec","21":"product_tag-poroka","22":"product_tag-za-penino","24":"first","25":"instock","26":"shipping-taxable","27":"purchasable","28":"product-type-simple"},"_links":{"self":[{"href":"https:\/\/steklarna-rogaska.si\/it\/wp-json\/wp\/v2\/product\/4066","targetHints":{"allow":["GET"]}}],"collection":[{"href":"https:\/\/steklarna-rogaska.si\/it\/wp-json\/wp\/v2\/product"}],"about":[{"href":"https:\/\/steklarna-rogaska.si\/it\/wp-json\/wp\/v2\/types\/product"}],"replies":[{"embeddable":true,"href":"https:\/\/steklarna-rogaska.si\/it\/wp-json\/wp\/v2\/comments?post=4066"}],"wp:featuredmedia":[{"embeddable":true,"href":"https:\/\/steklarna-rogaska.si\/it\/wp-json\/wp\/v2\/media\/4115"}],"wp:attachment":[{"href":"https:\/\/steklarna-rogaska.si\/it\/wp-json\/wp\/v2\/media?parent=4066"}],"wp:term":[{"taxonomy":"product_brand","embeddable":true,"href":"https:\/\/steklarna-rogaska.si\/it\/wp-json\/wp\/v2\/product_brand?post=4066"},{"taxonomy":"product_cat","embeddable":true,"href":"https:\/\/steklarna-rogaska.si\/it\/wp-json\/wp\/v2\/product_cat?post=4066"},{"taxonomy":"product_tag","embeddable":true,"href":"https:\/\/steklarna-rogaska.si\/it\/wp-json\/wp\/v2\/product_tag?post=4066"}],"curies":[{"name":"wp","href":"https:\/\/api.w.org\/{rel}","templated":true}]}}