{"id":4032,"date":"2019-12-28T09:30:21","date_gmt":"2019-12-28T09:30:21","guid":{"rendered":"https:\/\/steklarna-rogaska.si\/product\/import-placeholder-for-2528\/"},"modified":"2026-04-20T06:38:58","modified_gmt":"2026-04-20T06:38:58","slug":"crystal-tree-15-cm","status":"publish","type":"product","link":"https:\/\/steklarna-rogaska.si\/it\/product\/crystal-tree-15-cm\/","title":{"rendered":"BO\u017dI\u010cNO DREVO 15 CM &#8211; CHRISTMAS &#8211; kos"},"content":{"rendered":"<p>vi\u0161ina = 152 mm<br \/>\n\u0161irina = 92 mm<br \/>\nte\u017ea = 0,6 kg<\/p>\n","protected":false},"excerpt":{"rendered":"<p>vi\u0161ina = 152 mm \u0161irina = 92 mm te\u017ea = 0,6 kg<\/p>\n","protected":false},"featured_media":4082,"comment_status":"closed","ping_status":"open","template":"","meta":[],"product_brand":[],"product_cat":[953,955,923,919,996],"product_tag":[512,442,452],"class_list":{"0":"post-4032","1":"product","2":"type-product","3":"status-publish","4":"has-post-thumbnail","6":"product_cat-bozicna-dekoracija","7":"product_cat-dekorativni-dodatki","8":"product_cat-drobne-pozornosti","9":"product_cat-poslovna-darila","10":"product_cat-praznicna-ponudba","11":"product_tag-bozicno-drevo","12":"product_tag-praznicna-darila","13":"product_tag-praznovanje","15":"first","16":"instock","17":"shipping-taxable","18":"purchasable","19":"product-type-simple"},"_links":{"self":[{"href":"https:\/\/steklarna-rogaska.si\/it\/wp-json\/wp\/v2\/product\/4032","targetHints":{"allow":["GET"]}}],"collection":[{"href":"https:\/\/steklarna-rogaska.si\/it\/wp-json\/wp\/v2\/product"}],"about":[{"href":"https:\/\/steklarna-rogaska.si\/it\/wp-json\/wp\/v2\/types\/product"}],"replies":[{"embeddable":true,"href":"https:\/\/steklarna-rogaska.si\/it\/wp-json\/wp\/v2\/comments?post=4032"}],"wp:featuredmedia":[{"embeddable":true,"href":"https:\/\/steklarna-rogaska.si\/it\/wp-json\/wp\/v2\/media\/4082"}],"wp:attachment":[{"href":"https:\/\/steklarna-rogaska.si\/it\/wp-json\/wp\/v2\/media?parent=4032"}],"wp:term":[{"taxonomy":"product_brand","embeddable":true,"href":"https:\/\/steklarna-rogaska.si\/it\/wp-json\/wp\/v2\/product_brand?post=4032"},{"taxonomy":"product_cat","embeddable":true,"href":"https:\/\/steklarna-rogaska.si\/it\/wp-json\/wp\/v2\/product_cat?post=4032"},{"taxonomy":"product_tag","embeddable":true,"href":"https:\/\/steklarna-rogaska.si\/it\/wp-json\/wp\/v2\/product_tag?post=4032"}],"curies":[{"name":"wp","href":"https:\/\/api.w.org\/{rel}","templated":true}]}}