{"id":4026,"date":"2019-12-28T09:30:20","date_gmt":"2019-12-28T09:30:20","guid":{"rendered":"https:\/\/steklarna-rogaska.si\/product\/import-placeholder-for-2510\/"},"modified":"2026-04-21T05:23:55","modified_gmt":"2026-04-21T05:23:55","slug":"skylight-pitcher-2","status":"publish","type":"product","link":"https:\/\/steklarna-rogaska.si\/it\/product\/skylight-pitcher-2\/","title":{"rendered":"VR\u010c &#8211; SKYLIGHT &#8211; kos"},"content":{"rendered":"<p>vi\u0161ina = 220 mm<br \/>\n\u0161irina = 130 mm<br \/>\nte\u017ea = 1.7 kg<\/p>\n","protected":false},"excerpt":{"rendered":"<p>vi\u0161ina = 220 mm \u0161irina = 130 mm te\u017ea = 1.7 kg<\/p>\n","protected":false},"featured_media":4076,"comment_status":"closed","ping_status":"open","template":"","meta":[],"product_brand":[],"product_cat":[935,940,284,912],"product_tag":[433,464,463,467],"class_list":{"0":"post-4026","1":"product","2":"type-product","3":"status-publish","4":"has-post-thumbnail","6":"product_cat-steklenice-dekanterji-vrci-posode","7":"product_cat-vrc","8":"product_cat-vinski-program-default-group","9":"product_cat-steklenice-za-vino","10":"product_tag-skylight","11":"product_tag-za-dekantiranje","12":"product_tag-za-vino","13":"product_tag-za-vodo","15":"first","16":"instock","17":"shipping-taxable","18":"purchasable","19":"product-type-simple"},"_links":{"self":[{"href":"https:\/\/steklarna-rogaska.si\/it\/wp-json\/wp\/v2\/product\/4026","targetHints":{"allow":["GET"]}}],"collection":[{"href":"https:\/\/steklarna-rogaska.si\/it\/wp-json\/wp\/v2\/product"}],"about":[{"href":"https:\/\/steklarna-rogaska.si\/it\/wp-json\/wp\/v2\/types\/product"}],"replies":[{"embeddable":true,"href":"https:\/\/steklarna-rogaska.si\/it\/wp-json\/wp\/v2\/comments?post=4026"}],"wp:featuredmedia":[{"embeddable":true,"href":"https:\/\/steklarna-rogaska.si\/it\/wp-json\/wp\/v2\/media\/4076"}],"wp:attachment":[{"href":"https:\/\/steklarna-rogaska.si\/it\/wp-json\/wp\/v2\/media?parent=4026"}],"wp:term":[{"taxonomy":"product_brand","embeddable":true,"href":"https:\/\/steklarna-rogaska.si\/it\/wp-json\/wp\/v2\/product_brand?post=4026"},{"taxonomy":"product_cat","embeddable":true,"href":"https:\/\/steklarna-rogaska.si\/it\/wp-json\/wp\/v2\/product_cat?post=4026"},{"taxonomy":"product_tag","embeddable":true,"href":"https:\/\/steklarna-rogaska.si\/it\/wp-json\/wp\/v2\/product_tag?post=4026"}],"curies":[{"name":"wp","href":"https:\/\/api.w.org\/{rel}","templated":true}]}}