{"id":4025,"date":"2019-12-28T09:30:20","date_gmt":"2019-12-28T09:30:20","guid":{"rendered":"https:\/\/steklarna-rogaska.si\/product\/import-placeholder-for-2509\/"},"modified":"2026-04-20T06:52:24","modified_gmt":"2026-04-20T06:52:24","slug":"skylight-ice-bucket","status":"publish","type":"product","link":"https:\/\/steklarna-rogaska.si\/it\/product\/skylight-ice-bucket\/","title":{"rendered":"POSODA ZA LED &#8211; SKYLIGHT &#8211; kos"},"content":{"rendered":"<p>vi\u0161ina = 153 mm<br \/>\n\u0161irina = 138 mm<br \/>\nte\u017ea = 2.0 kg<\/p>\n","protected":false},"excerpt":{"rendered":"<p>vi\u0161ina = 153 mm \u0161irina = 138 mm te\u017ea = 2.0 kg<\/p>\n","protected":false},"featured_media":4075,"comment_status":"closed","ping_status":"closed","template":"","meta":[],"product_brand":[],"product_cat":[196,444,284,453],"product_tag":[433,459,475],"class_list":{"0":"post-4025","1":"product","2":"type-product","3":"status-publish","4":"has-post-thumbnail","6":"product_cat-barski-program","7":"product_cat-posoda-za-hlajenje","8":"product_cat-vinski-program-default-group","9":"product_cat-posode-za-led-2","10":"product_tag-skylight","11":"product_tag-za-hlajenje-pijace","12":"product_tag-za-led","14":"first","15":"outofstock","16":"shipping-taxable","17":"purchasable","18":"product-type-simple"},"_links":{"self":[{"href":"https:\/\/steklarna-rogaska.si\/it\/wp-json\/wp\/v2\/product\/4025","targetHints":{"allow":["GET"]}}],"collection":[{"href":"https:\/\/steklarna-rogaska.si\/it\/wp-json\/wp\/v2\/product"}],"about":[{"href":"https:\/\/steklarna-rogaska.si\/it\/wp-json\/wp\/v2\/types\/product"}],"replies":[{"embeddable":true,"href":"https:\/\/steklarna-rogaska.si\/it\/wp-json\/wp\/v2\/comments?post=4025"}],"wp:featuredmedia":[{"embeddable":true,"href":"https:\/\/steklarna-rogaska.si\/it\/wp-json\/wp\/v2\/media\/4075"}],"wp:attachment":[{"href":"https:\/\/steklarna-rogaska.si\/it\/wp-json\/wp\/v2\/media?parent=4025"}],"wp:term":[{"taxonomy":"product_brand","embeddable":true,"href":"https:\/\/steklarna-rogaska.si\/it\/wp-json\/wp\/v2\/product_brand?post=4025"},{"taxonomy":"product_cat","embeddable":true,"href":"https:\/\/steklarna-rogaska.si\/it\/wp-json\/wp\/v2\/product_cat?post=4025"},{"taxonomy":"product_tag","embeddable":true,"href":"https:\/\/steklarna-rogaska.si\/it\/wp-json\/wp\/v2\/product_tag?post=4025"}],"curies":[{"name":"wp","href":"https:\/\/api.w.org\/{rel}","templated":true}]}}