{"id":4012,"date":"2019-12-28T09:29:57","date_gmt":"2019-12-28T09:29:57","guid":{"rendered":"https:\/\/steklarna-rogaska.si\/product\/import-placeholder-for-2503\/"},"modified":"2026-04-13T06:41:30","modified_gmt":"2026-04-13T06:41:30","slug":"skylight-square-whisky-decanter","status":"publish","type":"product","link":"https:\/\/steklarna-rogaska.si\/it\/product\/skylight-square-whisky-decanter\/","title":{"rendered":"STEKLENICA ZA \u017dGANJE PRAVOKOTNA &#8211; SKYLIGHT &#8211; kos"},"content":{"rendered":"<p>vi\u0161ina = 204 mm<br \/>\n\u0161irina = 95 mm<br \/>\nte\u017ea = 2.4 kg<\/p>\n","protected":false},"excerpt":{"rendered":"<p>vi\u0161ina = 204 mm \u0161irina = 95 mm te\u017ea = 2.4 kg<\/p>\n","protected":false},"featured_media":4061,"comment_status":"closed","ping_status":"open","template":"","meta":[],"product_brand":[],"product_cat":[196,908,935,936],"product_tag":[433,464],"class_list":{"0":"post-4012","1":"product","2":"type-product","3":"status-publish","4":"has-post-thumbnail","6":"product_cat-barski-program","7":"product_cat-steklenice-za-zganje","8":"product_cat-steklenice-dekanterji-vrci-posode","9":"product_cat-steklenica-za-zganje","10":"product_tag-skylight","11":"product_tag-za-dekantiranje","13":"first","14":"outofstock","15":"shipping-taxable","16":"purchasable","17":"product-type-simple"},"_links":{"self":[{"href":"https:\/\/steklarna-rogaska.si\/it\/wp-json\/wp\/v2\/product\/4012","targetHints":{"allow":["GET"]}}],"collection":[{"href":"https:\/\/steklarna-rogaska.si\/it\/wp-json\/wp\/v2\/product"}],"about":[{"href":"https:\/\/steklarna-rogaska.si\/it\/wp-json\/wp\/v2\/types\/product"}],"replies":[{"embeddable":true,"href":"https:\/\/steklarna-rogaska.si\/it\/wp-json\/wp\/v2\/comments?post=4012"}],"wp:featuredmedia":[{"embeddable":true,"href":"https:\/\/steklarna-rogaska.si\/it\/wp-json\/wp\/v2\/media\/4061"}],"wp:attachment":[{"href":"https:\/\/steklarna-rogaska.si\/it\/wp-json\/wp\/v2\/media?parent=4012"}],"wp:term":[{"taxonomy":"product_brand","embeddable":true,"href":"https:\/\/steklarna-rogaska.si\/it\/wp-json\/wp\/v2\/product_brand?post=4012"},{"taxonomy":"product_cat","embeddable":true,"href":"https:\/\/steklarna-rogaska.si\/it\/wp-json\/wp\/v2\/product_cat?post=4012"},{"taxonomy":"product_tag","embeddable":true,"href":"https:\/\/steklarna-rogaska.si\/it\/wp-json\/wp\/v2\/product_tag?post=4012"}],"curies":[{"name":"wp","href":"https:\/\/api.w.org\/{rel}","templated":true}]}}