{"id":3957,"date":"2025-02-27T15:28:49","date_gmt":"2025-02-27T15:28:49","guid":{"rendered":"https:\/\/steklarna-rogaska.si\/product\/import-placeholder-for-2435\/"},"modified":"2026-04-21T05:23:29","modified_gmt":"2026-04-21T05:23:29","slug":"monaco-set-of-6-rose-tumblers-assorted-cuts","status":"publish","type":"product","link":"https:\/\/steklarna-rogaska.si\/it\/product\/monaco-set-of-6-rose-tumblers-assorted-cuts\/","title":{"rendered":"KOZAREC ZA SOK\/VODO ROZA &#8211; 6 RAZLI\u010cNIH BRUSOV &#8211; MONACO ROSE &#8211; set 6 kos"},"content":{"rendered":"<p>vi\u0161ina = 100 mm<br \/>\n\u0161irina = 82 mm<br \/>\nte\u017ea = 0,1 kg<\/p>\n","protected":false},"excerpt":{"rendered":"<p>Osredoto\u010dite se na tisto, kar je pomembno &#8211; \u00a0preprostost, vsestransko uporabnost in eleganco.<\/p>\n<p>Kolekcija MONACO, ki \u010drpa navdih iz minimalisti\u010dnega oblikovanja \u0161estdesetih let, ponuja sve\u017eo interpretacijo tradicionalnih tehnik oblikovanja stekla. Pastelni odtenki dodajo igriv, a miren pridih, ki se bo ujemal z vsakim osebnim slogom in interierom.<\/p>\n<p>Cilindri\u010dna oblika z ne\u017eno zaobljenim dnom je tako vsestranska, da v svoji zbirki komajda \u0161e potrebujete druge kozarce &#8211; uporabite linijo Monaco za serviranje vode, \u017eganih pija\u010d, smutijev, koktajlov in celo vina. Tako se lahko izognete natrpanim omaram, vsi pogrinjki pa bodo izgledali prefinjeno in elegantno!<\/p>\n","protected":false},"featured_media":4016,"comment_status":"closed","ping_status":"closed","template":"","meta":[],"product_brand":[],"product_cat":[905,916,921,920,919,996,924,932,928,933,284,446],"product_tag":[503,458,467,478],"class_list":{"0":"post-3957","1":"product","2":"type-product","3":"status-publish","4":"has-post-thumbnail","6":"product_cat-kozarci-za-viski","7":"product_cat-darilni-program-2","8":"product_cat-darila-zanjo","9":"product_cat-porocna-darila","10":"product_cat-poslovna-darila","11":"product_cat-praznicna-ponudba","12":"product_cat-kozarci-2","13":"product_cat-kozarci-za-sok","14":"product_cat-kozarci-za-viski-2","15":"product_cat-kozarci-za-vodo-2","16":"product_cat-vinski-program-default-group","17":"product_cat-kozarci-za-vodo","18":"product_tag-monaco","19":"product_tag-za-mesane-pijace","20":"product_tag-za-vodo","21":"product_tag-za-zgane-pijace","23":"first","24":"instock","25":"shipping-taxable","26":"purchasable","27":"product-type-simple"},"_links":{"self":[{"href":"https:\/\/steklarna-rogaska.si\/it\/wp-json\/wp\/v2\/product\/3957","targetHints":{"allow":["GET"]}}],"collection":[{"href":"https:\/\/steklarna-rogaska.si\/it\/wp-json\/wp\/v2\/product"}],"about":[{"href":"https:\/\/steklarna-rogaska.si\/it\/wp-json\/wp\/v2\/types\/product"}],"replies":[{"embeddable":true,"href":"https:\/\/steklarna-rogaska.si\/it\/wp-json\/wp\/v2\/comments?post=3957"}],"wp:featuredmedia":[{"embeddable":true,"href":"https:\/\/steklarna-rogaska.si\/it\/wp-json\/wp\/v2\/media\/4016"}],"wp:attachment":[{"href":"https:\/\/steklarna-rogaska.si\/it\/wp-json\/wp\/v2\/media?parent=3957"}],"wp:term":[{"taxonomy":"product_brand","embeddable":true,"href":"https:\/\/steklarna-rogaska.si\/it\/wp-json\/wp\/v2\/product_brand?post=3957"},{"taxonomy":"product_cat","embeddable":true,"href":"https:\/\/steklarna-rogaska.si\/it\/wp-json\/wp\/v2\/product_cat?post=3957"},{"taxonomy":"product_tag","embeddable":true,"href":"https:\/\/steklarna-rogaska.si\/it\/wp-json\/wp\/v2\/product_tag?post=3957"}],"curies":[{"name":"wp","href":"https:\/\/api.w.org\/{rel}","templated":true}]}}